{"id":38798,"date":"2025-11-26T07:25:06","date_gmt":"2025-11-26T06:25:06","guid":{"rendered":"https:\/\/www.hirtenberg-apotheke.at\/katalog\/produkt\/green-health-pure-opcc-kapseln-90-stk\/"},"modified":"2025-11-26T07:25:12","modified_gmt":"2025-11-26T06:25:12","slug":"green-health-pure-opcc-kapseln-90-stk","status":"publish","type":"product","link":"https:\/\/www.hirtenberg-apotheke.at\/katalog\/produkt\/green-health-pure-opcc-kapseln-90-stk\/","title":{"rendered":"Green Health Pure OPC+C Kapseln 90 Stk."},"content":{"rendered":"<p>Green Health Pure OPC+C 90 Stk. mit dem Plus an Vitamin C, Acerola und Traubenkernextrakt tragen dazu bei, die Zellen vor oxidativem Stress zu sch\u00fctzen, das Immunsystem zu st\u00e4rken und M\u00fcdigkeit zu verringern &#8211; jetzt online stark preisgesenkt bestellen!<\/p>\n","protected":false},"excerpt":{"rendered":"<p>Green Health Pure OPC+C 90 Stk. mit dem Plus an Vitamin C, Acerola und Traubenkernextrakt tragen dazu bei, die Zellen vor oxidativem Stress zu sch\u00fctzen, das Immunsystem zu st\u00e4rken und M\u00fcdigkeit zu verringern &#8211; jetzt online stark preisgesenkt bestellen!<\/p>\n","protected":false},"featured_media":0,"template":"","meta":{"_acf_changed":false},"product_brand":[481],"product_cat":[328],"product_tag":[],"class_list":{"0":"post-38798","1":"product","2":"type-product","3":"status-publish","5":"product_brand-green-health","6":"product_cat-g","7":"pa_packungsgroesse-90-stueck","9":"first","10":"instock","11":"shipping-taxable","12":"purchasable","13":"product-type-simple"},"acf":[],"_links":{"self":[{"href":"https:\/\/www.hirtenberg-apotheke.at\/katalog\/wp-json\/wp\/v2\/product\/38798","targetHints":{"allow":["GET"]}}],"collection":[{"href":"https:\/\/www.hirtenberg-apotheke.at\/katalog\/wp-json\/wp\/v2\/product"}],"about":[{"href":"https:\/\/www.hirtenberg-apotheke.at\/katalog\/wp-json\/wp\/v2\/types\/product"}],"wp:attachment":[{"href":"https:\/\/www.hirtenberg-apotheke.at\/katalog\/wp-json\/wp\/v2\/media?parent=38798"}],"wp:term":[{"taxonomy":"product_brand","embeddable":true,"href":"https:\/\/www.hirtenberg-apotheke.at\/katalog\/wp-json\/wp\/v2\/product_brand?post=38798"},{"taxonomy":"product_cat","embeddable":true,"href":"https:\/\/www.hirtenberg-apotheke.at\/katalog\/wp-json\/wp\/v2\/product_cat?post=38798"},{"taxonomy":"product_tag","embeddable":true,"href":"https:\/\/www.hirtenberg-apotheke.at\/katalog\/wp-json\/wp\/v2\/product_tag?post=38798"}],"curies":[{"name":"wp","href":"https:\/\/api.w.org\/{rel}","templated":true}]}}