{"id":38833,"date":"2025-11-26T07:25:30","date_gmt":"2025-11-26T06:25:30","guid":{"rendered":"https:\/\/www.hirtenberg-apotheke.at\/katalog\/produkt\/pure-encapsulations-dha-junior-60-stk\/"},"modified":"2025-11-26T07:25:52","modified_gmt":"2025-11-26T06:25:52","slug":"pure-encapsulations-dha-junior-60-stk","status":"publish","type":"product","link":"https:\/\/www.hirtenberg-apotheke.at\/katalog\/produkt\/pure-encapsulations-dha-junior-60-stk\/","title":{"rendered":"Pure Encapsulations DHA Junior 60 Stk."},"content":{"rendered":"<p>Gut f\u00fcr Gehirn und Sehfunktion: Um den empfohlenen Bedarf an Omega-3-Fetts\u00e4uren wie insbesondere DHA zu decken, sind zumindest zwei Fischmahlzeiten (z. B. Lachs, Makrele) pro Woche erforderlich. Fisch kommt bei Erwachsenen und auch bei Kindern aber eher selten auf den Teller. Die Aufnahme von ges\u00e4ttigten Fetts\u00e4uren aus tierischen Lebensmitteln steht oftmals im Vordergrund. Eine ausreichende Zufuhr von Omega-3-Fetts\u00e4uren ist wichtig, um den Bedarf zu decken.DHA Junior liefert die \u201eGehirnn\u00e4hrstoffe\u201c in Kapselform und erleichtert die notwendige Versorgung mit der Omega-3-Fetts\u00e4ure DHA. Diese tr\u00e4gt zu einer normalen Gehirnfunktion und normaler Sehkraft bei. Das Fisch\u00f6l ist auf einen idealen Gehalt an den entscheidenden Omega-3-Fetts\u00e4uren Docosahexaens\u00e4ure (DHA) und Eicosapentaens\u00e4ure (EPA) standardisiert. Die Kapseln enthalten nat\u00fcrliches Zitronenaroma f\u00fcr einen guten Geschmack und k\u00f6nnen so je nach Vorliebe geschluckt oder zerkaut werden.<\/p>\n","protected":false},"excerpt":{"rendered":"<p>Gut f\u00fcr Gehirn und Sehfunktion: Um den empfohlenen Bedarf an Omega-3-Fetts\u00e4uren wie insbesondere DHA zu decken, sind zumindest zwei Fischmahlzeiten (z. B. Lachs, Makrele) pro Woche erforderlich. Fisch kommt bei Erwachsenen und auch bei Kindern aber eher selten auf den Teller. Die Aufnahme von ges\u00e4ttigten Fetts\u00e4uren aus tierischen Lebensmitteln steht oftmals im Vordergrund. Eine ausreichende [&hellip;]<\/p>\n","protected":false},"featured_media":38835,"template":"","meta":{"_acf_changed":false},"product_brand":[1033],"product_cat":[302],"product_tag":[],"class_list":{"0":"post-38833","1":"product","2":"type-product","3":"status-publish","4":"has-post-thumbnail","6":"product_brand-pure-encapsulations","7":"product_cat-p","8":"pa_packungsgroesse-60-stueck","10":"first","11":"instock","12":"shipping-taxable","13":"purchasable","14":"product-type-simple"},"acf":[],"_links":{"self":[{"href":"https:\/\/www.hirtenberg-apotheke.at\/katalog\/wp-json\/wp\/v2\/product\/38833","targetHints":{"allow":["GET"]}}],"collection":[{"href":"https:\/\/www.hirtenberg-apotheke.at\/katalog\/wp-json\/wp\/v2\/product"}],"about":[{"href":"https:\/\/www.hirtenberg-apotheke.at\/katalog\/wp-json\/wp\/v2\/types\/product"}],"wp:featuredmedia":[{"embeddable":true,"href":"https:\/\/www.hirtenberg-apotheke.at\/katalog\/wp-json\/wp\/v2\/media\/38835"}],"wp:attachment":[{"href":"https:\/\/www.hirtenberg-apotheke.at\/katalog\/wp-json\/wp\/v2\/media?parent=38833"}],"wp:term":[{"taxonomy":"product_brand","embeddable":true,"href":"https:\/\/www.hirtenberg-apotheke.at\/katalog\/wp-json\/wp\/v2\/product_brand?post=38833"},{"taxonomy":"product_cat","embeddable":true,"href":"https:\/\/www.hirtenberg-apotheke.at\/katalog\/wp-json\/wp\/v2\/product_cat?post=38833"},{"taxonomy":"product_tag","embeddable":true,"href":"https:\/\/www.hirtenberg-apotheke.at\/katalog\/wp-json\/wp\/v2\/product_tag?post=38833"}],"curies":[{"name":"wp","href":"https:\/\/api.w.org\/{rel}","templated":true}]}}