{"id":38851,"date":"2025-11-26T07:25:56","date_gmt":"2025-11-26T06:25:56","guid":{"rendered":"https:\/\/www.hirtenberg-apotheke.at\/katalog\/produkt\/pure-encapsulations-panax-ginseng-60-stk\/"},"modified":"2025-11-26T07:26:10","modified_gmt":"2025-11-26T06:26:10","slug":"pure-encapsulations-panax-ginseng-60-stk","status":"publish","type":"product","link":"https:\/\/www.hirtenberg-apotheke.at\/katalog\/produkt\/pure-encapsulations-panax-ginseng-60-stk\/","title":{"rendered":"Pure Encapsulations Panax Ginseng 60 Stk."},"content":{"rendered":"<p>Der im asiatischen Raum bereits seit Jahrhunderten verwendeteGinseng enth\u00e4lt wertbestimmende Ginsenoside sowie zahlreicheweitere Inhaltsstoffe wie z.B. \u00e4therische \u00d6le. Panax Ginseng vonPure Encapsulations\u00ae wird aus nat\u00fcrlichem wei\u00dfen Ginseng(China) gewonnen, der 12 % Ginsenoside enth\u00e4lt. Das Produkt istzudem laktosefrei, fruktosefrei und glutenfrei. Auch auf k\u00fcnstlicheFarb- und Geschmacksstoffe hat man bei Pure Encapsulations\u00aeverzichtet.<\/p>\n","protected":false},"excerpt":{"rendered":"<p>Der im asiatischen Raum bereits seit Jahrhunderten verwendeteGinseng enth\u00e4lt wertbestimmende Ginsenoside sowie zahlreicheweitere Inhaltsstoffe wie z.B. \u00e4therische \u00d6le. Panax Ginseng vonPure Encapsulations\u00ae wird aus nat\u00fcrlichem wei\u00dfen Ginseng(China) gewonnen, der 12 % Ginsenoside enth\u00e4lt. Das Produkt istzudem laktosefrei, fruktosefrei und glutenfrei. Auch auf k\u00fcnstlicheFarb- und Geschmacksstoffe hat man bei Pure Encapsulations\u00aeverzichtet.<\/p>\n","protected":false},"featured_media":38853,"template":"","meta":{"_acf_changed":false},"product_brand":[1033],"product_cat":[302],"product_tag":[],"class_list":{"0":"post-38851","1":"product","2":"type-product","3":"status-publish","4":"has-post-thumbnail","6":"product_brand-pure-encapsulations","7":"product_cat-p","8":"pa_packungsgroesse-60-stueck","10":"first","11":"instock","12":"shipping-taxable","13":"purchasable","14":"product-type-simple"},"acf":[],"_links":{"self":[{"href":"https:\/\/www.hirtenberg-apotheke.at\/katalog\/wp-json\/wp\/v2\/product\/38851","targetHints":{"allow":["GET"]}}],"collection":[{"href":"https:\/\/www.hirtenberg-apotheke.at\/katalog\/wp-json\/wp\/v2\/product"}],"about":[{"href":"https:\/\/www.hirtenberg-apotheke.at\/katalog\/wp-json\/wp\/v2\/types\/product"}],"wp:featuredmedia":[{"embeddable":true,"href":"https:\/\/www.hirtenberg-apotheke.at\/katalog\/wp-json\/wp\/v2\/media\/38853"}],"wp:attachment":[{"href":"https:\/\/www.hirtenberg-apotheke.at\/katalog\/wp-json\/wp\/v2\/media?parent=38851"}],"wp:term":[{"taxonomy":"product_brand","embeddable":true,"href":"https:\/\/www.hirtenberg-apotheke.at\/katalog\/wp-json\/wp\/v2\/product_brand?post=38851"},{"taxonomy":"product_cat","embeddable":true,"href":"https:\/\/www.hirtenberg-apotheke.at\/katalog\/wp-json\/wp\/v2\/product_cat?post=38851"},{"taxonomy":"product_tag","embeddable":true,"href":"https:\/\/www.hirtenberg-apotheke.at\/katalog\/wp-json\/wp\/v2\/product_tag?post=38851"}],"curies":[{"name":"wp","href":"https:\/\/api.w.org\/{rel}","templated":true}]}}