{"id":38879,"date":"2025-11-26T07:26:18","date_gmt":"2025-11-26T06:26:18","guid":{"rendered":"https:\/\/www.hirtenberg-apotheke.at\/katalog\/produkt\/calcipot-cacao-kautabletten\/"},"modified":"2025-11-26T07:26:48","modified_gmt":"2025-11-26T06:26:48","slug":"calcipot-cacao-kautabletten","status":"publish","type":"product","link":"https:\/\/www.hirtenberg-apotheke.at\/katalog\/produkt\/calcipot-cacao-kautabletten\/","title":{"rendered":"Calcipot Cacao Kautabletten"},"content":{"rendered":"<p>Calcipot\u00ae Kautabletten 100 Stk. tragen zum Erhalt der normalen Funktion von Knochen und Z\u00e4hnen bei und unterst\u00fctzen einen funktionierenden Energiestoffwechsel. Da der menschliche Organismus Calcium nicht selbst bilden kann, muss es mit der Nahrung aufgenommen werden um unter anderem den Aufbau, den Erhalt und die Festigkeit der Knochen und Z\u00e4hne zu sichern. Das Pr\u00e4parat wird zur Vorbeugung und Behandlung von Calcium- und Vitamin D3 Mangelzust\u00e4nden bei \u00e4lteren Menschen und erg\u00e4nzend in der Behandlung von Osteoporose, wenn ein Risiko von Vitamin D- und Calcium-Mangelzust\u00e4nden vermutet wird, angewendet \u2013 jetzt Spitzenprodukte von Gall Pharma mit hohem Rabatt bestellen!<\/p>\n","protected":false},"excerpt":{"rendered":"<p>Calcipot\u00ae Kautabletten 100 Stk. tragen zum Erhalt der normalen Funktion von Knochen und Z\u00e4hnen bei und unterst\u00fctzen einen funktionierenden Energiestoffwechsel. Da der menschliche Organismus Calcium nicht selbst bilden kann, muss es mit der Nahrung aufgenommen werden um unter anderem den Aufbau, den Erhalt und die Festigkeit der Knochen und Z\u00e4hne zu sichern. Das Pr\u00e4parat wird [&hellip;]<\/p>\n","protected":false},"featured_media":38881,"template":"","meta":{"_acf_changed":false},"product_brand":[316],"product_cat":[337],"product_tag":[],"class_list":{"0":"post-38879","1":"product","2":"type-product","3":"status-publish","4":"has-post-thumbnail","6":"product_brand-gall-pharma","7":"product_cat-c","8":"pa_packungsgroesse-100-stueck","10":"first","11":"instock","12":"shipping-taxable","13":"purchasable","14":"product-type-simple"},"acf":[],"_links":{"self":[{"href":"https:\/\/www.hirtenberg-apotheke.at\/katalog\/wp-json\/wp\/v2\/product\/38879","targetHints":{"allow":["GET"]}}],"collection":[{"href":"https:\/\/www.hirtenberg-apotheke.at\/katalog\/wp-json\/wp\/v2\/product"}],"about":[{"href":"https:\/\/www.hirtenberg-apotheke.at\/katalog\/wp-json\/wp\/v2\/types\/product"}],"wp:featuredmedia":[{"embeddable":true,"href":"https:\/\/www.hirtenberg-apotheke.at\/katalog\/wp-json\/wp\/v2\/media\/38881"}],"wp:attachment":[{"href":"https:\/\/www.hirtenberg-apotheke.at\/katalog\/wp-json\/wp\/v2\/media?parent=38879"}],"wp:term":[{"taxonomy":"product_brand","embeddable":true,"href":"https:\/\/www.hirtenberg-apotheke.at\/katalog\/wp-json\/wp\/v2\/product_brand?post=38879"},{"taxonomy":"product_cat","embeddable":true,"href":"https:\/\/www.hirtenberg-apotheke.at\/katalog\/wp-json\/wp\/v2\/product_cat?post=38879"},{"taxonomy":"product_tag","embeddable":true,"href":"https:\/\/www.hirtenberg-apotheke.at\/katalog\/wp-json\/wp\/v2\/product_tag?post=38879"}],"curies":[{"name":"wp","href":"https:\/\/api.w.org\/{rel}","templated":true}]}}