{"id":38899,"date":"2025-11-26T07:26:53","date_gmt":"2025-11-26T06:26:53","guid":{"rendered":"https:\/\/www.hirtenberg-apotheke.at\/katalog\/produkt\/espara-opc-resveratrol-kapseln-30-stk\/"},"modified":"2025-11-26T07:27:07","modified_gmt":"2025-11-26T06:27:07","slug":"espara-opc-resveratrol-kapseln-30-stk","status":"publish","type":"product","link":"https:\/\/www.hirtenberg-apotheke.at\/katalog\/produkt\/espara-opc-resveratrol-kapseln-30-stk\/","title":{"rendered":"Espara OPC-Resveratrol Kapseln 30 Stk."},"content":{"rendered":"<p>Espara OPC-Resveratrol Kapseln sind ein Nahrungserg\u00e4nzungsmittel mit Vitamin C, Procyanidinen, Resveratrol und Lycopin zum antioxidativen Schutz und f\u00fcr die Gesundheit des Gef\u00e4\u00dfsystems. Vitamin C tr\u00e4gt au\u00dferdem zu einer normalen Kollagenbildung f\u00fcr eine normale Funktion der Blutgef\u00e4\u00dfe und zum Schutz der Zellen vor oxidativem Stress bei.<\/p>\n","protected":false},"excerpt":{"rendered":"<p>Espara OPC-Resveratrol Kapseln sind ein Nahrungserg\u00e4nzungsmittel mit Vitamin C, Procyanidinen, Resveratrol und Lycopin zum antioxidativen Schutz und f\u00fcr die Gesundheit des Gef\u00e4\u00dfsystems. Vitamin C tr\u00e4gt au\u00dferdem zu einer normalen Kollagenbildung f\u00fcr eine normale Funktion der Blutgef\u00e4\u00dfe und zum Schutz der Zellen vor oxidativem Stress bei.<\/p>\n","protected":false},"featured_media":0,"template":"","meta":{"_acf_changed":false},"product_brand":[341],"product_cat":[307],"product_tag":[],"class_list":{"0":"post-38899","1":"product","2":"type-product","3":"status-publish","5":"product_brand-espara","6":"product_cat-e","7":"pa_packungsgroesse-30-stueck","9":"first","10":"instock","11":"shipping-taxable","12":"purchasable","13":"product-type-simple"},"acf":[],"_links":{"self":[{"href":"https:\/\/www.hirtenberg-apotheke.at\/katalog\/wp-json\/wp\/v2\/product\/38899","targetHints":{"allow":["GET"]}}],"collection":[{"href":"https:\/\/www.hirtenberg-apotheke.at\/katalog\/wp-json\/wp\/v2\/product"}],"about":[{"href":"https:\/\/www.hirtenberg-apotheke.at\/katalog\/wp-json\/wp\/v2\/types\/product"}],"wp:attachment":[{"href":"https:\/\/www.hirtenberg-apotheke.at\/katalog\/wp-json\/wp\/v2\/media?parent=38899"}],"wp:term":[{"taxonomy":"product_brand","embeddable":true,"href":"https:\/\/www.hirtenberg-apotheke.at\/katalog\/wp-json\/wp\/v2\/product_brand?post=38899"},{"taxonomy":"product_cat","embeddable":true,"href":"https:\/\/www.hirtenberg-apotheke.at\/katalog\/wp-json\/wp\/v2\/product_cat?post=38899"},{"taxonomy":"product_tag","embeddable":true,"href":"https:\/\/www.hirtenberg-apotheke.at\/katalog\/wp-json\/wp\/v2\/product_tag?post=38899"}],"curies":[{"name":"wp","href":"https:\/\/api.w.org\/{rel}","templated":true}]}}