{"id":38914,"date":"2025-11-26T07:27:18","date_gmt":"2025-11-26T06:27:18","guid":{"rendered":"https:\/\/www.hirtenberg-apotheke.at\/katalog\/produkt\/burgerstein-spirulina-tabletten-180-stk\/"},"modified":"2025-11-26T07:27:24","modified_gmt":"2025-11-26T06:27:24","slug":"burgerstein-spirulina-tabletten-180-stk","status":"publish","type":"product","link":"https:\/\/www.hirtenberg-apotheke.at\/katalog\/produkt\/burgerstein-spirulina-tabletten-180-stk\/","title":{"rendered":"Burgerstein Spirulina Tabletten 180 Stk."},"content":{"rendered":"<p>Burgerstein Spirulina wirkt als ein nat\u00fcrlicher N\u00e4hrstoff-Spender mit einem hohen Gehalt an vegetabilen Aminos\u00e4uren (60% Gewichtsanteil) und nat\u00fcrlichen Antioxidantien und unterst\u00fctzt die Ausleitung von Schwermetallen. Sch\u00fctzt vor freien Radikalen.<\/p>\n","protected":false},"excerpt":{"rendered":"<p>Burgerstein Spirulina wirkt als ein nat\u00fcrlicher N\u00e4hrstoff-Spender mit einem hohen Gehalt an vegetabilen Aminos\u00e4uren (60% Gewichtsanteil) und nat\u00fcrlichen Antioxidantien und unterst\u00fctzt die Ausleitung von Schwermetallen. Sch\u00fctzt vor freien Radikalen.<\/p>\n","protected":false},"featured_media":38916,"template":"","meta":{"_acf_changed":false},"product_brand":[422],"product_cat":[292],"product_tag":[],"class_list":{"0":"post-38914","1":"product","2":"type-product","3":"status-publish","4":"has-post-thumbnail","6":"product_brand-burgerstein","7":"product_cat-b","8":"pa_packungsgroesse-180-stueck","10":"first","11":"instock","12":"shipping-taxable","13":"purchasable","14":"product-type-simple"},"acf":[],"_links":{"self":[{"href":"https:\/\/www.hirtenberg-apotheke.at\/katalog\/wp-json\/wp\/v2\/product\/38914","targetHints":{"allow":["GET"]}}],"collection":[{"href":"https:\/\/www.hirtenberg-apotheke.at\/katalog\/wp-json\/wp\/v2\/product"}],"about":[{"href":"https:\/\/www.hirtenberg-apotheke.at\/katalog\/wp-json\/wp\/v2\/types\/product"}],"wp:featuredmedia":[{"embeddable":true,"href":"https:\/\/www.hirtenberg-apotheke.at\/katalog\/wp-json\/wp\/v2\/media\/38916"}],"wp:attachment":[{"href":"https:\/\/www.hirtenberg-apotheke.at\/katalog\/wp-json\/wp\/v2\/media?parent=38914"}],"wp:term":[{"taxonomy":"product_brand","embeddable":true,"href":"https:\/\/www.hirtenberg-apotheke.at\/katalog\/wp-json\/wp\/v2\/product_brand?post=38914"},{"taxonomy":"product_cat","embeddable":true,"href":"https:\/\/www.hirtenberg-apotheke.at\/katalog\/wp-json\/wp\/v2\/product_cat?post=38914"},{"taxonomy":"product_tag","embeddable":true,"href":"https:\/\/www.hirtenberg-apotheke.at\/katalog\/wp-json\/wp\/v2\/product_tag?post=38914"}],"curies":[{"name":"wp","href":"https:\/\/api.w.org\/{rel}","templated":true}]}}