{"id":38924,"date":"2025-11-26T07:27:18","date_gmt":"2025-11-26T06:27:18","guid":{"rendered":"https:\/\/www.hirtenberg-apotheke.at\/katalog\/produkt\/magnesium-diasporal-400-extra-direkt-stick-20-stk\/"},"modified":"2025-11-26T07:27:38","modified_gmt":"2025-11-26T06:27:38","slug":"magnesium-diasporal-400-extra-direkt-stick-20-stk","status":"publish","type":"product","link":"https:\/\/www.hirtenberg-apotheke.at\/katalog\/produkt\/magnesium-diasporal-400-extra-direkt-stick-20-stk\/","title":{"rendered":"Magnesium Diasporal 400 Extra Direkt Stick 20 Stk."},"content":{"rendered":"<p>Magnesium Diasporal\u00ae 400 Extra Direkt Sticks 20 Stk. enth\u00e4lt extra viel Magnesium und eignet sich besonders f\u00fcr Personen, die einen erh\u00f6hten Magnesiumbedarf haben. Das Direktgranulat kann schnell und ohne Fl\u00fcssigkeit eingenommen werden, l\u00f6st sich direkt im Mund und versorgt Ihren K\u00f6rper mit 400 mg Magnesium.<\/p>\n","protected":false},"excerpt":{"rendered":"<p>Magnesium Diasporal\u00ae 400 Extra Direkt Sticks 20 Stk. enth\u00e4lt extra viel Magnesium und eignet sich besonders f\u00fcr Personen, die einen erh\u00f6hten Magnesiumbedarf haben. Das Direktgranulat kann schnell und ohne Fl\u00fcssigkeit eingenommen werden, l\u00f6st sich direkt im Mund und versorgt Ihren K\u00f6rper mit 400 mg Magnesium.<\/p>\n","protected":false},"featured_media":38926,"template":"","meta":{"_acf_changed":false},"product_brand":[],"product_cat":[308],"product_tag":[],"class_list":{"0":"post-38924","1":"product","2":"type-product","3":"status-publish","4":"has-post-thumbnail","6":"product_cat-m","7":"pa_packungsgroesse-20-stueck","9":"first","10":"instock","11":"shipping-taxable","12":"purchasable","13":"product-type-simple"},"acf":[],"_links":{"self":[{"href":"https:\/\/www.hirtenberg-apotheke.at\/katalog\/wp-json\/wp\/v2\/product\/38924","targetHints":{"allow":["GET"]}}],"collection":[{"href":"https:\/\/www.hirtenberg-apotheke.at\/katalog\/wp-json\/wp\/v2\/product"}],"about":[{"href":"https:\/\/www.hirtenberg-apotheke.at\/katalog\/wp-json\/wp\/v2\/types\/product"}],"wp:featuredmedia":[{"embeddable":true,"href":"https:\/\/www.hirtenberg-apotheke.at\/katalog\/wp-json\/wp\/v2\/media\/38926"}],"wp:attachment":[{"href":"https:\/\/www.hirtenberg-apotheke.at\/katalog\/wp-json\/wp\/v2\/media?parent=38924"}],"wp:term":[{"taxonomy":"product_brand","embeddable":true,"href":"https:\/\/www.hirtenberg-apotheke.at\/katalog\/wp-json\/wp\/v2\/product_brand?post=38924"},{"taxonomy":"product_cat","embeddable":true,"href":"https:\/\/www.hirtenberg-apotheke.at\/katalog\/wp-json\/wp\/v2\/product_cat?post=38924"},{"taxonomy":"product_tag","embeddable":true,"href":"https:\/\/www.hirtenberg-apotheke.at\/katalog\/wp-json\/wp\/v2\/product_tag?post=38924"}],"curies":[{"name":"wp","href":"https:\/\/api.w.org\/{rel}","templated":true}]}}