{"id":38968,"date":"2025-11-26T07:28:13","date_gmt":"2025-11-26T06:28:13","guid":{"rendered":"https:\/\/www.hirtenberg-apotheke.at\/katalog\/produkt\/pure-encapsulations-sp-ultimate-60-stk\/"},"modified":"2025-11-26T07:28:22","modified_gmt":"2025-11-26T06:28:22","slug":"pure-encapsulations-sp-ultimate-60-stk","status":"publish","type":"product","link":"https:\/\/www.hirtenberg-apotheke.at\/katalog\/produkt\/pure-encapsulations-sp-ultimate-60-stk\/","title":{"rendered":"Pure Encapsulations SP Ultimate 60 Stk."},"content":{"rendered":"<p>Pure Encapsulations\u00ae SP Ultimate ist in seiner Zusammensetzungeinzigartig, da es neben ausgew\u00e4hlten Pflanzenextrakten zus\u00e4tzlicheinen speziellen bioaktiven Mikron\u00e4hrstoffkomplex enth\u00e4lt, der hilft,die Zellen vor oxidativem Stress zu sch\u00fctzen. SP Ultimate basiertauf hochwertigen Reinsubstanzen. H\u00f6chstm\u00f6gliche Qualit\u00e4tsstandardsgarantieren, dass die verwendeten Inhaltsstoffe maximalvertr\u00e4glich sind und eine optimale Bioverf\u00fcgbarkeit aufweisen.Deshalb gelten wir auch weltweit als das Original bei Reinsubstanzen.Als zus\u00e4tzlicher Bestandteil einer ausgewogenen Ern\u00e4hrungkann Pure Encapsulations\u00ae SP Ultimate zu einer nachhaltigenMikron\u00e4hrstoff-Versorgung beitragen. Zum leichten Leben bedarfes wenig.<\/p>\n","protected":false},"excerpt":{"rendered":"<p>Pure Encapsulations\u00ae SP Ultimate ist in seiner Zusammensetzungeinzigartig, da es neben ausgew\u00e4hlten Pflanzenextrakten zus\u00e4tzlicheinen speziellen bioaktiven Mikron\u00e4hrstoffkomplex enth\u00e4lt, der hilft,die Zellen vor oxidativem Stress zu sch\u00fctzen. SP Ultimate basiertauf hochwertigen Reinsubstanzen. H\u00f6chstm\u00f6gliche Qualit\u00e4tsstandardsgarantieren, dass die verwendeten Inhaltsstoffe maximalvertr\u00e4glich sind und eine optimale Bioverf\u00fcgbarkeit aufweisen.Deshalb gelten wir auch weltweit als das Original bei Reinsubstanzen.Als zus\u00e4tzlicher Bestandteil [&hellip;]<\/p>\n","protected":false},"featured_media":38970,"template":"","meta":{"_acf_changed":false},"product_brand":[1033],"product_cat":[302],"product_tag":[],"class_list":{"0":"post-38968","1":"product","2":"type-product","3":"status-publish","4":"has-post-thumbnail","6":"product_brand-pure-encapsulations","7":"product_cat-p","8":"pa_packungsgroesse-60-stueck","10":"first","11":"instock","12":"shipping-taxable","13":"purchasable","14":"product-type-simple"},"acf":[],"_links":{"self":[{"href":"https:\/\/www.hirtenberg-apotheke.at\/katalog\/wp-json\/wp\/v2\/product\/38968","targetHints":{"allow":["GET"]}}],"collection":[{"href":"https:\/\/www.hirtenberg-apotheke.at\/katalog\/wp-json\/wp\/v2\/product"}],"about":[{"href":"https:\/\/www.hirtenberg-apotheke.at\/katalog\/wp-json\/wp\/v2\/types\/product"}],"wp:featuredmedia":[{"embeddable":true,"href":"https:\/\/www.hirtenberg-apotheke.at\/katalog\/wp-json\/wp\/v2\/media\/38970"}],"wp:attachment":[{"href":"https:\/\/www.hirtenberg-apotheke.at\/katalog\/wp-json\/wp\/v2\/media?parent=38968"}],"wp:term":[{"taxonomy":"product_brand","embeddable":true,"href":"https:\/\/www.hirtenberg-apotheke.at\/katalog\/wp-json\/wp\/v2\/product_brand?post=38968"},{"taxonomy":"product_cat","embeddable":true,"href":"https:\/\/www.hirtenberg-apotheke.at\/katalog\/wp-json\/wp\/v2\/product_cat?post=38968"},{"taxonomy":"product_tag","embeddable":true,"href":"https:\/\/www.hirtenberg-apotheke.at\/katalog\/wp-json\/wp\/v2\/product_tag?post=38968"}],"curies":[{"name":"wp","href":"https:\/\/api.w.org\/{rel}","templated":true}]}}