{"id":38976,"date":"2025-11-26T07:28:13","date_gmt":"2025-11-26T06:28:13","guid":{"rendered":"https:\/\/www.hirtenberg-apotheke.at\/katalog\/produkt\/pure-encapsulations-taurin-kapseln\/"},"modified":"2025-11-26T07:28:29","modified_gmt":"2025-11-26T06:28:29","slug":"pure-encapsulations-taurin-kapseln","status":"publish","type":"product","link":"https:\/\/www.hirtenberg-apotheke.at\/katalog\/produkt\/pure-encapsulations-taurin-kapseln\/","title":{"rendered":"Pure Encapsulations Taurin Kapseln"},"content":{"rendered":"<p>Pure Encapsulations\u00aeTaurin basiert auf hochwertigen, naturidenten Reinsubstanzen. Taurin verdankt seine Bekanntheit vor allem dem Einsatz in Energy-Drinks. Das schwefelhaltige Aminos\u00e4urenderivat wird im K\u00f6rperauch aus der Aminos\u00e4ure Cystein gebildet. H\u00f6chstm\u00f6gliche Qualit\u00e4tsstandards garantieren, dass die verwendetenInhaltsstoffe maximal vertr\u00e4glich sind und eine optimaleBioverf\u00fcgbarkeit aufweisen. Deshalb gelten wir auch weltweit alsdas Original bei Reinsubstanzen. Als nat\u00fcrlicher Bestandteil einerausgewogenen Ern\u00e4hrung kann Pure Encapsulations\u00ae Taurin zueiner nachhaltigen Mikron\u00e4hrstoff-Versorgung beitragen. Taurin istf\u00fcr Vegetarier geeignet und ohne Koffein!.<\/p>\n","protected":false},"excerpt":{"rendered":"<p>Pure Encapsulations\u00aeTaurin basiert auf hochwertigen, naturidenten Reinsubstanzen. Taurin verdankt seine Bekanntheit vor allem dem Einsatz in Energy-Drinks. Das schwefelhaltige Aminos\u00e4urenderivat wird im K\u00f6rperauch aus der Aminos\u00e4ure Cystein gebildet. H\u00f6chstm\u00f6gliche Qualit\u00e4tsstandards garantieren, dass die verwendetenInhaltsstoffe maximal vertr\u00e4glich sind und eine optimaleBioverf\u00fcgbarkeit aufweisen. Deshalb gelten wir auch weltweit alsdas Original bei Reinsubstanzen. Als nat\u00fcrlicher Bestandteil einerausgewogenen Ern\u00e4hrung [&hellip;]<\/p>\n","protected":false},"featured_media":38978,"template":"","meta":{"_acf_changed":false},"product_brand":[1033],"product_cat":[302],"product_tag":[],"class_list":{"0":"post-38976","1":"product","2":"type-product","3":"status-publish","4":"has-post-thumbnail","6":"product_brand-pure-encapsulations","7":"product_cat-p","8":"pa_packungsgroesse-60-stueck","10":"first","11":"instock","12":"shipping-taxable","13":"purchasable","14":"product-type-simple"},"acf":[],"_links":{"self":[{"href":"https:\/\/www.hirtenberg-apotheke.at\/katalog\/wp-json\/wp\/v2\/product\/38976","targetHints":{"allow":["GET"]}}],"collection":[{"href":"https:\/\/www.hirtenberg-apotheke.at\/katalog\/wp-json\/wp\/v2\/product"}],"about":[{"href":"https:\/\/www.hirtenberg-apotheke.at\/katalog\/wp-json\/wp\/v2\/types\/product"}],"wp:featuredmedia":[{"embeddable":true,"href":"https:\/\/www.hirtenberg-apotheke.at\/katalog\/wp-json\/wp\/v2\/media\/38978"}],"wp:attachment":[{"href":"https:\/\/www.hirtenberg-apotheke.at\/katalog\/wp-json\/wp\/v2\/media?parent=38976"}],"wp:term":[{"taxonomy":"product_brand","embeddable":true,"href":"https:\/\/www.hirtenberg-apotheke.at\/katalog\/wp-json\/wp\/v2\/product_brand?post=38976"},{"taxonomy":"product_cat","embeddable":true,"href":"https:\/\/www.hirtenberg-apotheke.at\/katalog\/wp-json\/wp\/v2\/product_cat?post=38976"},{"taxonomy":"product_tag","embeddable":true,"href":"https:\/\/www.hirtenberg-apotheke.at\/katalog\/wp-json\/wp\/v2\/product_tag?post=38976"}],"curies":[{"name":"wp","href":"https:\/\/api.w.org\/{rel}","templated":true}]}}