{"id":39015,"date":"2025-11-26T07:29:02","date_gmt":"2025-11-26T06:29:02","guid":{"rendered":"https:\/\/www.hirtenberg-apotheke.at\/katalog\/produkt\/pure-encapsulations-lutein-zeaxanth-60-stk\/"},"modified":"2025-11-26T07:29:12","modified_gmt":"2025-11-26T06:29:12","slug":"pure-encapsulations-lutein-zeaxanth-60-stk","status":"publish","type":"product","link":"https:\/\/www.hirtenberg-apotheke.at\/katalog\/produkt\/pure-encapsulations-lutein-zeaxanth-60-stk\/","title":{"rendered":"Pure Encapsulations Lutein\/Zeaxanth 60 Stk."},"content":{"rendered":"<p>Lutein und Zeaxanthin werden den sogenannten Carotinoiden (sekund\u00e4re Pflanzenstoffe) zugeordnet. Beide Verbindungen kommen nat\u00fcrlich in der Netzhaut, v.a. der Makula lutea, und der Linse des menschlichen Auges vor. Die Macula lutea (Gelber Fleck) ist f\u00fcr das zentrale Sehen verantwortlich und jener Bereich der Netzhaut mit der gr\u00f6\u00dften Dichte an Sehzellen. Pure Encapsulations\u00ae Lutein\/Zeaxanthin<\/p>\n","protected":false},"excerpt":{"rendered":"<p>Lutein und Zeaxanthin werden den sogenannten Carotinoiden (sekund\u00e4re Pflanzenstoffe) zugeordnet. Beide Verbindungen kommen nat\u00fcrlich in der Netzhaut, v.a. der Makula lutea, und der Linse des menschlichen Auges vor. Die Macula lutea (Gelber Fleck) ist f\u00fcr das zentrale Sehen verantwortlich und jener Bereich der Netzhaut mit der gr\u00f6\u00dften Dichte an Sehzellen. Pure Encapsulations\u00ae Lutein\/Zeaxanthin<\/p>\n","protected":false},"featured_media":39017,"template":"","meta":{"_acf_changed":false},"product_brand":[1033],"product_cat":[302],"product_tag":[],"class_list":{"0":"post-39015","1":"product","2":"type-product","3":"status-publish","4":"has-post-thumbnail","6":"product_brand-pure-encapsulations","7":"product_cat-p","8":"pa_packungsgroesse-60-stueck","10":"first","11":"instock","12":"shipping-taxable","13":"purchasable","14":"product-type-simple"},"acf":[],"_links":{"self":[{"href":"https:\/\/www.hirtenberg-apotheke.at\/katalog\/wp-json\/wp\/v2\/product\/39015","targetHints":{"allow":["GET"]}}],"collection":[{"href":"https:\/\/www.hirtenberg-apotheke.at\/katalog\/wp-json\/wp\/v2\/product"}],"about":[{"href":"https:\/\/www.hirtenberg-apotheke.at\/katalog\/wp-json\/wp\/v2\/types\/product"}],"wp:featuredmedia":[{"embeddable":true,"href":"https:\/\/www.hirtenberg-apotheke.at\/katalog\/wp-json\/wp\/v2\/media\/39017"}],"wp:attachment":[{"href":"https:\/\/www.hirtenberg-apotheke.at\/katalog\/wp-json\/wp\/v2\/media?parent=39015"}],"wp:term":[{"taxonomy":"product_brand","embeddable":true,"href":"https:\/\/www.hirtenberg-apotheke.at\/katalog\/wp-json\/wp\/v2\/product_brand?post=39015"},{"taxonomy":"product_cat","embeddable":true,"href":"https:\/\/www.hirtenberg-apotheke.at\/katalog\/wp-json\/wp\/v2\/product_cat?post=39015"},{"taxonomy":"product_tag","embeddable":true,"href":"https:\/\/www.hirtenberg-apotheke.at\/katalog\/wp-json\/wp\/v2\/product_tag?post=39015"}],"curies":[{"name":"wp","href":"https:\/\/api.w.org\/{rel}","templated":true}]}}