{"id":39020,"date":"2025-11-26T07:29:02","date_gmt":"2025-11-26T06:29:02","guid":{"rendered":"https:\/\/www.hirtenberg-apotheke.at\/katalog\/produkt\/centrum-capletten-generation-50-100-stk\/"},"modified":"2025-11-26T07:29:18","modified_gmt":"2025-11-26T06:29:18","slug":"centrum-capletten-generation-50-100-stk","status":"publish","type":"product","link":"https:\/\/www.hirtenberg-apotheke.at\/katalog\/produkt\/centrum-capletten-generation-50-100-stk\/","title":{"rendered":"Centrum Capletten Generation 50+ 100 Stk."},"content":{"rendered":"<p>Centrum Capletten Generation 50+ sind f\u00fcr den Erhalt des Wohlbefindens und der Leistungsf\u00e4higkeit besonders wichtig. Nur eine Caplette tr\u00e4gt zur Deckung des Tagesbedarfs an allen wichtigen Vitaminen, Mineralstoffen und Spurenelementen bei.<\/p>\n","protected":false},"excerpt":{"rendered":"<p>Centrum Capletten Generation 50+ sind f\u00fcr den Erhalt des Wohlbefindens und der Leistungsf\u00e4higkeit besonders wichtig. Nur eine Caplette tr\u00e4gt zur Deckung des Tagesbedarfs an allen wichtigen Vitaminen, Mineralstoffen und Spurenelementen bei.<\/p>\n","protected":false},"featured_media":0,"template":"","meta":{"_acf_changed":false},"product_brand":[1042],"product_cat":[337],"product_tag":[],"class_list":{"0":"post-39020","1":"product","2":"type-product","3":"status-publish","5":"product_brand-centrum","6":"product_cat-c","7":"pa_packungsgroesse-100-stueck","9":"first","10":"instock","11":"shipping-taxable","12":"purchasable","13":"product-type-simple"},"acf":[],"_links":{"self":[{"href":"https:\/\/www.hirtenberg-apotheke.at\/katalog\/wp-json\/wp\/v2\/product\/39020","targetHints":{"allow":["GET"]}}],"collection":[{"href":"https:\/\/www.hirtenberg-apotheke.at\/katalog\/wp-json\/wp\/v2\/product"}],"about":[{"href":"https:\/\/www.hirtenberg-apotheke.at\/katalog\/wp-json\/wp\/v2\/types\/product"}],"wp:attachment":[{"href":"https:\/\/www.hirtenberg-apotheke.at\/katalog\/wp-json\/wp\/v2\/media?parent=39020"}],"wp:term":[{"taxonomy":"product_brand","embeddable":true,"href":"https:\/\/www.hirtenberg-apotheke.at\/katalog\/wp-json\/wp\/v2\/product_brand?post=39020"},{"taxonomy":"product_cat","embeddable":true,"href":"https:\/\/www.hirtenberg-apotheke.at\/katalog\/wp-json\/wp\/v2\/product_cat?post=39020"},{"taxonomy":"product_tag","embeddable":true,"href":"https:\/\/www.hirtenberg-apotheke.at\/katalog\/wp-json\/wp\/v2\/product_tag?post=39020"}],"curies":[{"name":"wp","href":"https:\/\/api.w.org\/{rel}","templated":true}]}}