{"id":39135,"date":"2025-11-26T07:31:36","date_gmt":"2025-11-26T06:31:36","guid":{"rendered":"https:\/\/www.hirtenberg-apotheke.at\/katalog\/produkt\/pure-encapsulations-cognitive-aminos-60-stk\/"},"modified":"2025-11-26T07:31:54","modified_gmt":"2025-11-26T06:31:54","slug":"pure-encapsulations-cognitive-aminos-60-stk","status":"publish","type":"product","link":"https:\/\/www.hirtenberg-apotheke.at\/katalog\/produkt\/pure-encapsulations-cognitive-aminos-60-stk\/","title":{"rendered":"Pure Encapsulations Cognitive Aminos 60 Stk."},"content":{"rendered":"<p>Aminos\u00e4uren sind wichtige Nahrungsbestandteile und Bausteineim K\u00f6rper. Die Kombination der Aminos\u00e4uren Phenylalanin, Tyrosinund Tryptophan mit Acetyl-L-Carnitin und Taurin ist ideal zurerg\u00e4nzenden Versorgung bei erh\u00f6htem Bedarf. Die Aminos\u00e4urenTryptophan und Phenylalanin sind essenziell (unentbehrlich) undm\u00fcssen daher mit der Nahrung aufgenommen werden. Der K\u00f6rperkann sie nicht selbst herstellen. Beide sind Vorstufen von wichtigenBotenstoffen im Nervensystem.<\/p>\n","protected":false},"excerpt":{"rendered":"<p>Aminos\u00e4uren sind wichtige Nahrungsbestandteile und Bausteineim K\u00f6rper. Die Kombination der Aminos\u00e4uren Phenylalanin, Tyrosinund Tryptophan mit Acetyl-L-Carnitin und Taurin ist ideal zurerg\u00e4nzenden Versorgung bei erh\u00f6htem Bedarf. Die Aminos\u00e4urenTryptophan und Phenylalanin sind essenziell (unentbehrlich) undm\u00fcssen daher mit der Nahrung aufgenommen werden. Der K\u00f6rperkann sie nicht selbst herstellen. Beide sind Vorstufen von wichtigenBotenstoffen im Nervensystem.<\/p>\n","protected":false},"featured_media":39137,"template":"","meta":{"_acf_changed":false},"product_brand":[1033],"product_cat":[302],"product_tag":[],"class_list":{"0":"post-39135","1":"product","2":"type-product","3":"status-publish","4":"has-post-thumbnail","6":"product_brand-pure-encapsulations","7":"product_cat-p","8":"pa_packungsgroesse-60-stueck","10":"first","11":"instock","12":"shipping-taxable","13":"purchasable","14":"product-type-simple"},"acf":[],"_links":{"self":[{"href":"https:\/\/www.hirtenberg-apotheke.at\/katalog\/wp-json\/wp\/v2\/product\/39135","targetHints":{"allow":["GET"]}}],"collection":[{"href":"https:\/\/www.hirtenberg-apotheke.at\/katalog\/wp-json\/wp\/v2\/product"}],"about":[{"href":"https:\/\/www.hirtenberg-apotheke.at\/katalog\/wp-json\/wp\/v2\/types\/product"}],"wp:featuredmedia":[{"embeddable":true,"href":"https:\/\/www.hirtenberg-apotheke.at\/katalog\/wp-json\/wp\/v2\/media\/39137"}],"wp:attachment":[{"href":"https:\/\/www.hirtenberg-apotheke.at\/katalog\/wp-json\/wp\/v2\/media?parent=39135"}],"wp:term":[{"taxonomy":"product_brand","embeddable":true,"href":"https:\/\/www.hirtenberg-apotheke.at\/katalog\/wp-json\/wp\/v2\/product_brand?post=39135"},{"taxonomy":"product_cat","embeddable":true,"href":"https:\/\/www.hirtenberg-apotheke.at\/katalog\/wp-json\/wp\/v2\/product_cat?post=39135"},{"taxonomy":"product_tag","embeddable":true,"href":"https:\/\/www.hirtenberg-apotheke.at\/katalog\/wp-json\/wp\/v2\/product_tag?post=39135"}],"curies":[{"name":"wp","href":"https:\/\/api.w.org\/{rel}","templated":true}]}}