{"id":39142,"date":"2025-11-26T07:31:36","date_gmt":"2025-11-26T06:31:36","guid":{"rendered":"https:\/\/www.hirtenberg-apotheke.at\/katalog\/produkt\/pure-encapsulations-energy-xtra-60-stk\/"},"modified":"2025-11-26T07:31:58","modified_gmt":"2025-11-26T06:31:58","slug":"pure-encapsulations-energy-xtra-60-stk","status":"publish","type":"product","link":"https:\/\/www.hirtenberg-apotheke.at\/katalog\/produkt\/pure-encapsulations-energy-xtra-60-stk\/","title":{"rendered":"Pure Encapsulations Energy Xtra 60 Stk."},"content":{"rendered":"<p>Pure Encapsulations\u00ae Energy Xtra enth\u00e4lt nat\u00fcrliche Extrakte auswertvollen Kr\u00e4utern, wie Ashwagandha und Panax Ginseng. DasProdukt basiert auf hochwertigen, naturidenten Reinsubstanzen.H\u00f6chstm\u00f6gliche Qualit\u00e4tsstandards garantieren, dass die verwendetenInhaltsstoffe maximal vertr\u00e4glich sind und eine optimaleBioverf\u00fcgbarkeit aufweisen. Deshalb gelten wir auch weltweit alsdas Original bei Reinsubstanzen. Zum leichten Leben bedarf eswenig. Pure Encapsulations\u00ae Energy Xtra ist laktosefrei, fruktosefreiund glutenfrei. Auch auf k\u00fcnstliche Farb- und Geschmacksstoffehat man bei Pure Encapsulations\u00ae verzichtet.<\/p>\n","protected":false},"excerpt":{"rendered":"<p>Pure Encapsulations\u00ae Energy Xtra enth\u00e4lt nat\u00fcrliche Extrakte auswertvollen Kr\u00e4utern, wie Ashwagandha und Panax Ginseng. DasProdukt basiert auf hochwertigen, naturidenten Reinsubstanzen.H\u00f6chstm\u00f6gliche Qualit\u00e4tsstandards garantieren, dass die verwendetenInhaltsstoffe maximal vertr\u00e4glich sind und eine optimaleBioverf\u00fcgbarkeit aufweisen. Deshalb gelten wir auch weltweit alsdas Original bei Reinsubstanzen. Zum leichten Leben bedarf eswenig. Pure Encapsulations\u00ae Energy Xtra ist laktosefrei, fruktosefreiund glutenfrei. Auch [&hellip;]<\/p>\n","protected":false},"featured_media":39144,"template":"","meta":{"_acf_changed":false},"product_brand":[1033],"product_cat":[302],"product_tag":[],"class_list":{"0":"post-39142","1":"product","2":"type-product","3":"status-publish","4":"has-post-thumbnail","6":"product_brand-pure-encapsulations","7":"product_cat-p","8":"pa_packungsgroesse-60-stueck","10":"first","11":"instock","12":"shipping-taxable","13":"purchasable","14":"product-type-simple"},"acf":[],"_links":{"self":[{"href":"https:\/\/www.hirtenberg-apotheke.at\/katalog\/wp-json\/wp\/v2\/product\/39142","targetHints":{"allow":["GET"]}}],"collection":[{"href":"https:\/\/www.hirtenberg-apotheke.at\/katalog\/wp-json\/wp\/v2\/product"}],"about":[{"href":"https:\/\/www.hirtenberg-apotheke.at\/katalog\/wp-json\/wp\/v2\/types\/product"}],"wp:featuredmedia":[{"embeddable":true,"href":"https:\/\/www.hirtenberg-apotheke.at\/katalog\/wp-json\/wp\/v2\/media\/39144"}],"wp:attachment":[{"href":"https:\/\/www.hirtenberg-apotheke.at\/katalog\/wp-json\/wp\/v2\/media?parent=39142"}],"wp:term":[{"taxonomy":"product_brand","embeddable":true,"href":"https:\/\/www.hirtenberg-apotheke.at\/katalog\/wp-json\/wp\/v2\/product_brand?post=39142"},{"taxonomy":"product_cat","embeddable":true,"href":"https:\/\/www.hirtenberg-apotheke.at\/katalog\/wp-json\/wp\/v2\/product_cat?post=39142"},{"taxonomy":"product_tag","embeddable":true,"href":"https:\/\/www.hirtenberg-apotheke.at\/katalog\/wp-json\/wp\/v2\/product_tag?post=39142"}],"curies":[{"name":"wp","href":"https:\/\/api.w.org\/{rel}","templated":true}]}}