{"id":39163,"date":"2025-11-26T07:32:01","date_gmt":"2025-11-26T06:32:01","guid":{"rendered":"https:\/\/www.hirtenberg-apotheke.at\/katalog\/produkt\/dr-toeth-stoffwechsel-eisen-energetikum-100-ml\/"},"modified":"2025-11-26T07:32:21","modified_gmt":"2025-11-26T06:32:21","slug":"dr-toeth-stoffwechsel-eisen-energetikum-100-ml","status":"publish","type":"product","link":"https:\/\/www.hirtenberg-apotheke.at\/katalog\/produkt\/dr-toeth-stoffwechsel-eisen-energetikum-100-ml\/","title":{"rendered":"Dr. T\u00f6th Stoffwechsel-Eisen-Energetikum 100 ML"},"content":{"rendered":"<p>Dr. Ewald T\u00f6th Stoffwechsel Eisen Energetikum liefert zus\u00e4tzliches Eisen, das den K\u00f6rper unterst\u00fctzt den Mangel \u00fcber den Tag auszugleichen und hilft gegen Erm\u00fcdung.<\/p>\n","protected":false},"excerpt":{"rendered":"<p>Dr. Ewald T\u00f6th Stoffwechsel Eisen Energetikum liefert zus\u00e4tzliches Eisen, das den K\u00f6rper unterst\u00fctzt den Mangel \u00fcber den Tag auszugleichen und hilft gegen Erm\u00fcdung.<\/p>\n","protected":false},"featured_media":0,"template":"","meta":{"_acf_changed":false},"product_brand":[],"product_cat":[295],"product_tag":[],"class_list":{"0":"post-39163","1":"product","2":"type-product","3":"status-publish","5":"product_cat-d","6":"pa_packungsgroesse-100ml","8":"first","9":"instock","10":"shipping-taxable","11":"purchasable","12":"product-type-simple"},"acf":[],"_links":{"self":[{"href":"https:\/\/www.hirtenberg-apotheke.at\/katalog\/wp-json\/wp\/v2\/product\/39163","targetHints":{"allow":["GET"]}}],"collection":[{"href":"https:\/\/www.hirtenberg-apotheke.at\/katalog\/wp-json\/wp\/v2\/product"}],"about":[{"href":"https:\/\/www.hirtenberg-apotheke.at\/katalog\/wp-json\/wp\/v2\/types\/product"}],"wp:attachment":[{"href":"https:\/\/www.hirtenberg-apotheke.at\/katalog\/wp-json\/wp\/v2\/media?parent=39163"}],"wp:term":[{"taxonomy":"product_brand","embeddable":true,"href":"https:\/\/www.hirtenberg-apotheke.at\/katalog\/wp-json\/wp\/v2\/product_brand?post=39163"},{"taxonomy":"product_cat","embeddable":true,"href":"https:\/\/www.hirtenberg-apotheke.at\/katalog\/wp-json\/wp\/v2\/product_cat?post=39163"},{"taxonomy":"product_tag","embeddable":true,"href":"https:\/\/www.hirtenberg-apotheke.at\/katalog\/wp-json\/wp\/v2\/product_tag?post=39163"}],"curies":[{"name":"wp","href":"https:\/\/api.w.org\/{rel}","templated":true}]}}