{"id":39188,"date":"2025-11-26T07:32:28","date_gmt":"2025-11-26T06:32:28","guid":{"rendered":"https:\/\/www.hirtenberg-apotheke.at\/katalog\/produkt\/bi-apiserum-gelee-royale-trinkampulle\/"},"modified":"2025-11-26T07:32:49","modified_gmt":"2025-11-26T06:32:49","slug":"bi-apiserum-gelee-royale-trinkampulle","status":"publish","type":"product","link":"https:\/\/www.hirtenberg-apotheke.at\/katalog\/produkt\/bi-apiserum-gelee-royale-trinkampulle\/","title":{"rendered":"Bi-Apiserum Gel\u00e9e Royale Trinkampulle"},"content":{"rendered":"<p>Bi-Apiserum Gelee Royale Trinkampullen beleben und vitalisieren. Sie erhalten die doppelte Dosis an Gelee Royale f\u00fcr den erh\u00f6hten Bedarf, beispielsweise nach \u00fcberstandener Krankheit, bei \u00dcbergewicht oder auch bei sportlicher Belastung. Gelee Royale ist der Futtersaft der Bienenk\u00f6nigin und gilt seit jeher als biologisch hochaktives Wirkstoffkonzentrat. Reich an Vitaminen, Aminos\u00e4uren, Mineralstoffen und Spurenelementen. Die Einnahme von Gel\u00e9e Royale beeinflusst den Organismus positiv und es kommt zu einer Steigerung der Abwehrkr\u00e4fte, Vitalit\u00e4t und Leistungsf\u00e4higkeit..<\/p>\n","protected":false},"excerpt":{"rendered":"<p>Bi-Apiserum Gelee Royale Trinkampullen beleben und vitalisieren. Sie erhalten die doppelte Dosis an Gelee Royale f\u00fcr den erh\u00f6hten Bedarf, beispielsweise nach \u00fcberstandener Krankheit, bei \u00dcbergewicht oder auch bei sportlicher Belastung. Gelee Royale ist der Futtersaft der Bienenk\u00f6nigin und gilt seit jeher als biologisch hochaktives Wirkstoffkonzentrat. Reich an Vitaminen, Aminos\u00e4uren, Mineralstoffen und Spurenelementen. Die Einnahme von [&hellip;]<\/p>\n","protected":false},"featured_media":0,"template":"","meta":{"_acf_changed":false},"product_brand":[],"product_cat":[292],"product_tag":[],"class_list":{"0":"post-39188","1":"product","2":"type-product","3":"status-publish","5":"product_cat-b","6":"pa_packungsgroesse-24-stueck","8":"first","9":"instock","10":"shipping-taxable","11":"purchasable","12":"product-type-simple"},"acf":[],"_links":{"self":[{"href":"https:\/\/www.hirtenberg-apotheke.at\/katalog\/wp-json\/wp\/v2\/product\/39188","targetHints":{"allow":["GET"]}}],"collection":[{"href":"https:\/\/www.hirtenberg-apotheke.at\/katalog\/wp-json\/wp\/v2\/product"}],"about":[{"href":"https:\/\/www.hirtenberg-apotheke.at\/katalog\/wp-json\/wp\/v2\/types\/product"}],"wp:attachment":[{"href":"https:\/\/www.hirtenberg-apotheke.at\/katalog\/wp-json\/wp\/v2\/media?parent=39188"}],"wp:term":[{"taxonomy":"product_brand","embeddable":true,"href":"https:\/\/www.hirtenberg-apotheke.at\/katalog\/wp-json\/wp\/v2\/product_brand?post=39188"},{"taxonomy":"product_cat","embeddable":true,"href":"https:\/\/www.hirtenberg-apotheke.at\/katalog\/wp-json\/wp\/v2\/product_cat?post=39188"},{"taxonomy":"product_tag","embeddable":true,"href":"https:\/\/www.hirtenberg-apotheke.at\/katalog\/wp-json\/wp\/v2\/product_tag?post=39188"}],"curies":[{"name":"wp","href":"https:\/\/api.w.org\/{rel}","templated":true}]}}