{"id":39192,"date":"2025-11-26T07:32:49","date_gmt":"2025-11-26T06:32:49","guid":{"rendered":"https:\/\/www.hirtenberg-apotheke.at\/katalog\/produkt\/pure-encapsulations-gruener-tee-extrakt-60-stk\/"},"modified":"2025-11-26T07:32:56","modified_gmt":"2025-11-26T06:32:56","slug":"pure-encapsulations-gruener-tee-extrakt-60-stk","status":"publish","type":"product","link":"https:\/\/www.hirtenberg-apotheke.at\/katalog\/produkt\/pure-encapsulations-gruener-tee-extrakt-60-stk\/","title":{"rendered":"Pure Encapsulations Gr\u00fcner Tee Extrakt 60 Stk."},"content":{"rendered":"<p>Gr\u00fcner Tee enth\u00e4lt zahlreiche Inhaltsstoffe und ist besondersreich an bioaktiven Pflanzenstoffen, vor allem an Catechinen,welche man zur Gruppe der Polyphenole z\u00e4hlt. Ein herausragenderInhaltsstoff ist das Epigallocatechingallat (EGCG). PureEncapsulations\u00ae Gr\u00fcner Tee Extrakt ist besonders hochwertig, dadie wertbestimmenden Pflanzenstoffe konzentriert vorliegen \u2013 sokonnte das Produkt auf gesamt 90% Tee-Catechine (davon 70%Epigallocatechingallat) standardisiert werden. Die Tee-Bl\u00e4tterwurdenentkoffeiniert, der Extrakt enth\u00e4lt < 0,4 % Koffein.\n<\/p>\n","protected":false},"excerpt":{"rendered":"<p>Gr\u00fcner Tee enth\u00e4lt zahlreiche Inhaltsstoffe und ist besondersreich an bioaktiven Pflanzenstoffen, vor allem an Catechinen,welche man zur Gruppe der Polyphenole z\u00e4hlt. Ein herausragenderInhaltsstoff ist das Epigallocatechingallat (EGCG). PureEncapsulations\u00ae Gr\u00fcner Tee Extrakt ist besonders hochwertig, dadie wertbestimmenden Pflanzenstoffe konzentriert vorliegen \u2013 sokonnte das Produkt auf gesamt 90% Tee-Catechine (davon 70%Epigallocatechingallat) standardisiert werden. Die Tee-Bl\u00e4tterwurdenentkoffeiniert, der Extrakt [&hellip;]<\/p>\n","protected":false},"featured_media":39194,"template":"","meta":{"_acf_changed":false},"product_brand":[1033],"product_cat":[302],"product_tag":[],"class_list":{"0":"post-39192","1":"product","2":"type-product","3":"status-publish","4":"has-post-thumbnail","6":"product_brand-pure-encapsulations","7":"product_cat-p","8":"pa_packungsgroesse-60-stueck","10":"first","11":"instock","12":"shipping-taxable","13":"purchasable","14":"product-type-simple"},"acf":[],"_links":{"self":[{"href":"https:\/\/www.hirtenberg-apotheke.at\/katalog\/wp-json\/wp\/v2\/product\/39192","targetHints":{"allow":["GET"]}}],"collection":[{"href":"https:\/\/www.hirtenberg-apotheke.at\/katalog\/wp-json\/wp\/v2\/product"}],"about":[{"href":"https:\/\/www.hirtenberg-apotheke.at\/katalog\/wp-json\/wp\/v2\/types\/product"}],"wp:featuredmedia":[{"embeddable":true,"href":"https:\/\/www.hirtenberg-apotheke.at\/katalog\/wp-json\/wp\/v2\/media\/39194"}],"wp:attachment":[{"href":"https:\/\/www.hirtenberg-apotheke.at\/katalog\/wp-json\/wp\/v2\/media?parent=39192"}],"wp:term":[{"taxonomy":"product_brand","embeddable":true,"href":"https:\/\/www.hirtenberg-apotheke.at\/katalog\/wp-json\/wp\/v2\/product_brand?post=39192"},{"taxonomy":"product_cat","embeddable":true,"href":"https:\/\/www.hirtenberg-apotheke.at\/katalog\/wp-json\/wp\/v2\/product_cat?post=39192"},{"taxonomy":"product_tag","embeddable":true,"href":"https:\/\/www.hirtenberg-apotheke.at\/katalog\/wp-json\/wp\/v2\/product_tag?post=39192"}],"curies":[{"name":"wp","href":"https:\/\/api.w.org\/{rel}","templated":true}]}}