{"id":39198,"date":"2025-11-26T07:32:49","date_gmt":"2025-11-26T06:32:49","guid":{"rendered":"https:\/\/www.hirtenberg-apotheke.at\/katalog\/produkt\/drapal-knoblauch-mistel-weissdorn-aktivperlen-300-stk\/"},"modified":"2025-11-26T07:33:01","modified_gmt":"2025-11-26T06:33:01","slug":"drapal-knoblauch-mistel-weissdorn-aktivperlen-300-stk","status":"publish","type":"product","link":"https:\/\/www.hirtenberg-apotheke.at\/katalog\/produkt\/drapal-knoblauch-mistel-weissdorn-aktivperlen-300-stk\/","title":{"rendered":"Drapal Knoblauch Mistel + Wei\u00dfdorn Aktivperlen 300 Stk."},"content":{"rendered":"<p>Drapal Knoblauch Mistel + Wei\u00dfdorn Aktivperlen unterst\u00fctzen unterschiedliche Funktionen des Herz- Kreislaufsystems erhalten Sie dieses Produkt in Packungen mit 150 und 300 St\u00fcck.<\/p>\n","protected":false},"excerpt":{"rendered":"<p>Drapal Knoblauch Mistel + Wei\u00dfdorn Aktivperlen unterst\u00fctzen unterschiedliche Funktionen des Herz- Kreislaufsystems erhalten Sie dieses Produkt in Packungen mit 150 und 300 St\u00fcck.<\/p>\n","protected":false},"featured_media":39200,"template":"","meta":{"_acf_changed":false},"product_brand":[],"product_cat":[295],"product_tag":[],"class_list":{"0":"post-39198","1":"product","2":"type-product","3":"status-publish","4":"has-post-thumbnail","6":"product_cat-d","7":"pa_packungsgroesse-300-stueck","9":"first","10":"instock","11":"shipping-taxable","12":"purchasable","13":"product-type-simple"},"acf":[],"_links":{"self":[{"href":"https:\/\/www.hirtenberg-apotheke.at\/katalog\/wp-json\/wp\/v2\/product\/39198","targetHints":{"allow":["GET"]}}],"collection":[{"href":"https:\/\/www.hirtenberg-apotheke.at\/katalog\/wp-json\/wp\/v2\/product"}],"about":[{"href":"https:\/\/www.hirtenberg-apotheke.at\/katalog\/wp-json\/wp\/v2\/types\/product"}],"wp:featuredmedia":[{"embeddable":true,"href":"https:\/\/www.hirtenberg-apotheke.at\/katalog\/wp-json\/wp\/v2\/media\/39200"}],"wp:attachment":[{"href":"https:\/\/www.hirtenberg-apotheke.at\/katalog\/wp-json\/wp\/v2\/media?parent=39198"}],"wp:term":[{"taxonomy":"product_brand","embeddable":true,"href":"https:\/\/www.hirtenberg-apotheke.at\/katalog\/wp-json\/wp\/v2\/product_brand?post=39198"},{"taxonomy":"product_cat","embeddable":true,"href":"https:\/\/www.hirtenberg-apotheke.at\/katalog\/wp-json\/wp\/v2\/product_cat?post=39198"},{"taxonomy":"product_tag","embeddable":true,"href":"https:\/\/www.hirtenberg-apotheke.at\/katalog\/wp-json\/wp\/v2\/product_tag?post=39198"}],"curies":[{"name":"wp","href":"https:\/\/api.w.org\/{rel}","templated":true}]}}