{"id":39214,"date":"2025-11-26T07:33:12","date_gmt":"2025-11-26T06:33:12","guid":{"rendered":"https:\/\/www.hirtenberg-apotheke.at\/katalog\/produkt\/pure-encapsulations-beta-carotin-90-stk\/"},"modified":"2025-11-26T07:33:20","modified_gmt":"2025-11-26T06:33:20","slug":"pure-encapsulations-beta-carotin-90-stk","status":"publish","type":"product","link":"https:\/\/www.hirtenberg-apotheke.at\/katalog\/produkt\/pure-encapsulations-beta-carotin-90-stk\/","title":{"rendered":"Pure Encapsulations Beta Carotin 90 Stk."},"content":{"rendered":"<p>Beta-Carotin ist die Vorstufe von Vitamin A und wird im K\u00f6rper jenach Bedarf umgewandelt. So ist \u00fcber Beta-Carotin eine sichereSupplementierung mit dem fettl\u00f6slichen Vitamin m\u00f6glich. PureEncapsulations Beta Carotin, ein rein pflanzlicher Carotinoid-Komplexaus der Dunaliella-Alge, beinhaltet nat\u00fcrliches Beta-Carotinund basiert auf hochwertigen Reinsubstanzen.<\/p>\n","protected":false},"excerpt":{"rendered":"<p>Beta-Carotin ist die Vorstufe von Vitamin A und wird im K\u00f6rper jenach Bedarf umgewandelt. So ist \u00fcber Beta-Carotin eine sichereSupplementierung mit dem fettl\u00f6slichen Vitamin m\u00f6glich. PureEncapsulations Beta Carotin, ein rein pflanzlicher Carotinoid-Komplexaus der Dunaliella-Alge, beinhaltet nat\u00fcrliches Beta-Carotinund basiert auf hochwertigen Reinsubstanzen.<\/p>\n","protected":false},"featured_media":39216,"template":"","meta":{"_acf_changed":false},"product_brand":[1033],"product_cat":[302],"product_tag":[],"class_list":{"0":"post-39214","1":"product","2":"type-product","3":"status-publish","4":"has-post-thumbnail","6":"product_brand-pure-encapsulations","7":"product_cat-p","8":"pa_packungsgroesse-90-stueck","10":"first","11":"instock","12":"shipping-taxable","13":"purchasable","14":"product-type-simple"},"acf":[],"_links":{"self":[{"href":"https:\/\/www.hirtenberg-apotheke.at\/katalog\/wp-json\/wp\/v2\/product\/39214","targetHints":{"allow":["GET"]}}],"collection":[{"href":"https:\/\/www.hirtenberg-apotheke.at\/katalog\/wp-json\/wp\/v2\/product"}],"about":[{"href":"https:\/\/www.hirtenberg-apotheke.at\/katalog\/wp-json\/wp\/v2\/types\/product"}],"wp:featuredmedia":[{"embeddable":true,"href":"https:\/\/www.hirtenberg-apotheke.at\/katalog\/wp-json\/wp\/v2\/media\/39216"}],"wp:attachment":[{"href":"https:\/\/www.hirtenberg-apotheke.at\/katalog\/wp-json\/wp\/v2\/media?parent=39214"}],"wp:term":[{"taxonomy":"product_brand","embeddable":true,"href":"https:\/\/www.hirtenberg-apotheke.at\/katalog\/wp-json\/wp\/v2\/product_brand?post=39214"},{"taxonomy":"product_cat","embeddable":true,"href":"https:\/\/www.hirtenberg-apotheke.at\/katalog\/wp-json\/wp\/v2\/product_cat?post=39214"},{"taxonomy":"product_tag","embeddable":true,"href":"https:\/\/www.hirtenberg-apotheke.at\/katalog\/wp-json\/wp\/v2\/product_tag?post=39214"}],"curies":[{"name":"wp","href":"https:\/\/api.w.org\/{rel}","templated":true}]}}