{"id":39221,"date":"2025-11-26T07:33:12","date_gmt":"2025-11-26T06:33:12","guid":{"rendered":"https:\/\/www.hirtenberg-apotheke.at\/katalog\/produkt\/pure-encapsulations-nutrient-950e-ohne-cu-fe-jod\/"},"modified":"2025-11-26T07:41:41","modified_gmt":"2025-11-26T06:41:41","slug":"pure-encapsulations-nutrient-950e-ohne-cu-fe-jod","status":"publish","type":"product","link":"https:\/\/www.hirtenberg-apotheke.at\/katalog\/produkt\/pure-encapsulations-nutrient-950e-ohne-cu-fe-jod\/","title":{"rendered":"Pure Encapsulations Nutrient 950\u00aeE (ohne Cu\/Fe\/Jod)"},"content":{"rendered":"<p>Pure Encapsulations\u00ae Nutrient 950E (ohne Cu\/Fe\/Jod) beinhaltetein umfangreiches Spektrum an Vitaminen und Mineralstoffen.Die Verwendung naturidenter, aktivierter Verbindungen garantiertdabei eine unvergleichbar hohe Aufnahme (Bioverf\u00fcgbarkeit) derMikron\u00e4hrstoffe. Die hypoallergene Formulierung gew\u00e4hrleistetmaximale Vertr\u00e4glichkeit. Da die Rezeptur bewusst ohne Joderstellt wurde, ist sie auch f\u00fcr Personen geeignet, die ern\u00e4hrungsphysiologischauf Jod verzichten m\u00fcssen.<\/p>\n","protected":false},"excerpt":{"rendered":"<p>Pure Encapsulations\u00ae Nutrient 950E (ohne Cu\/Fe\/Jod) beinhaltetein umfangreiches Spektrum an Vitaminen und Mineralstoffen.Die Verwendung naturidenter, aktivierter Verbindungen garantiertdabei eine unvergleichbar hohe Aufnahme (Bioverf\u00fcgbarkeit) derMikron\u00e4hrstoffe. Die hypoallergene Formulierung gew\u00e4hrleistetmaximale Vertr\u00e4glichkeit. Da die Rezeptur bewusst ohne Joderstellt wurde, ist sie auch f\u00fcr Personen geeignet, die ern\u00e4hrungsphysiologischauf Jod verzichten m\u00fcssen.<\/p>\n","protected":false},"featured_media":39223,"template":"","meta":{"_acf_changed":false},"product_brand":[1033],"product_cat":[302],"product_tag":[],"class_list":{"0":"post-39221","1":"product","2":"type-product","3":"status-publish","4":"has-post-thumbnail","6":"product_brand-pure-encapsulations","7":"product_cat-p","8":"pa_packungsgroesse-180-stueck","9":"pa_packungsgroesse-90-stueck","11":"first","12":"instock","13":"shipping-taxable","14":"purchasable","15":"product-type-simple"},"acf":[],"_links":{"self":[{"href":"https:\/\/www.hirtenberg-apotheke.at\/katalog\/wp-json\/wp\/v2\/product\/39221","targetHints":{"allow":["GET"]}}],"collection":[{"href":"https:\/\/www.hirtenberg-apotheke.at\/katalog\/wp-json\/wp\/v2\/product"}],"about":[{"href":"https:\/\/www.hirtenberg-apotheke.at\/katalog\/wp-json\/wp\/v2\/types\/product"}],"wp:featuredmedia":[{"embeddable":true,"href":"https:\/\/www.hirtenberg-apotheke.at\/katalog\/wp-json\/wp\/v2\/media\/39223"}],"wp:attachment":[{"href":"https:\/\/www.hirtenberg-apotheke.at\/katalog\/wp-json\/wp\/v2\/media?parent=39221"}],"wp:term":[{"taxonomy":"product_brand","embeddable":true,"href":"https:\/\/www.hirtenberg-apotheke.at\/katalog\/wp-json\/wp\/v2\/product_brand?post=39221"},{"taxonomy":"product_cat","embeddable":true,"href":"https:\/\/www.hirtenberg-apotheke.at\/katalog\/wp-json\/wp\/v2\/product_cat?post=39221"},{"taxonomy":"product_tag","embeddable":true,"href":"https:\/\/www.hirtenberg-apotheke.at\/katalog\/wp-json\/wp\/v2\/product_tag?post=39221"}],"curies":[{"name":"wp","href":"https:\/\/api.w.org\/{rel}","templated":true}]}}