{"id":39232,"date":"2025-11-26T07:33:29","date_gmt":"2025-11-26T06:33:29","guid":{"rendered":"https:\/\/www.hirtenberg-apotheke.at\/katalog\/produkt\/pure-encapsulations-pycnogenol-50-mg-60-stk\/"},"modified":"2025-11-26T07:33:35","modified_gmt":"2025-11-26T06:33:35","slug":"pure-encapsulations-pycnogenol-50-mg-60-stk","status":"publish","type":"product","link":"https:\/\/www.hirtenberg-apotheke.at\/katalog\/produkt\/pure-encapsulations-pycnogenol-50-mg-60-stk\/","title":{"rendered":"Pure Encapsulations Pycnogenol 50 mg 60 Stk."},"content":{"rendered":"<p>Pycnogenol\u00ae ist ein rein nat\u00fcrlicher Pflanzenextrakt und wird ausder Rinde der in S\u00fcdfrankreich beheimateten K\u00fcstenkiefer (Pinusmaritima) gewonnen. Pycnogenol\u00ae enth\u00e4lt eine besonders hoheKonzentration an oligomeren Proanthocyanidinen (OPC), die dergro\u00dfen Pflanzenstoffgruppe der Flavonoide zugeordnet werden. InPure Encapsulations\u00ae Pycnogenol\u00ae 50 mg sind diese ideal dosiert.Das Produkt ist laktosefrei, fruktosefrei und glutenfrei. Auch aufk\u00fcnstliche Farb- und Geschmacksstoffe hat man bei Pure Encapsulations\u00ae verzichtet.<\/p>\n","protected":false},"excerpt":{"rendered":"<p>Pycnogenol\u00ae ist ein rein nat\u00fcrlicher Pflanzenextrakt und wird ausder Rinde der in S\u00fcdfrankreich beheimateten K\u00fcstenkiefer (Pinusmaritima) gewonnen. Pycnogenol\u00ae enth\u00e4lt eine besonders hoheKonzentration an oligomeren Proanthocyanidinen (OPC), die dergro\u00dfen Pflanzenstoffgruppe der Flavonoide zugeordnet werden. InPure Encapsulations\u00ae Pycnogenol\u00ae 50 mg sind diese ideal dosiert.Das Produkt ist laktosefrei, fruktosefrei und glutenfrei. Auch aufk\u00fcnstliche Farb- und Geschmacksstoffe hat man [&hellip;]<\/p>\n","protected":false},"featured_media":39234,"template":"","meta":{"_acf_changed":false},"product_brand":[1033],"product_cat":[302],"product_tag":[],"class_list":{"0":"post-39232","1":"product","2":"type-product","3":"status-publish","4":"has-post-thumbnail","6":"product_brand-pure-encapsulations","7":"product_cat-p","8":"pa_packungsgroesse-60-stueck","10":"first","11":"instock","12":"shipping-taxable","13":"purchasable","14":"product-type-simple"},"acf":[],"_links":{"self":[{"href":"https:\/\/www.hirtenberg-apotheke.at\/katalog\/wp-json\/wp\/v2\/product\/39232","targetHints":{"allow":["GET"]}}],"collection":[{"href":"https:\/\/www.hirtenberg-apotheke.at\/katalog\/wp-json\/wp\/v2\/product"}],"about":[{"href":"https:\/\/www.hirtenberg-apotheke.at\/katalog\/wp-json\/wp\/v2\/types\/product"}],"wp:featuredmedia":[{"embeddable":true,"href":"https:\/\/www.hirtenberg-apotheke.at\/katalog\/wp-json\/wp\/v2\/media\/39234"}],"wp:attachment":[{"href":"https:\/\/www.hirtenberg-apotheke.at\/katalog\/wp-json\/wp\/v2\/media?parent=39232"}],"wp:term":[{"taxonomy":"product_brand","embeddable":true,"href":"https:\/\/www.hirtenberg-apotheke.at\/katalog\/wp-json\/wp\/v2\/product_brand?post=39232"},{"taxonomy":"product_cat","embeddable":true,"href":"https:\/\/www.hirtenberg-apotheke.at\/katalog\/wp-json\/wp\/v2\/product_cat?post=39232"},{"taxonomy":"product_tag","embeddable":true,"href":"https:\/\/www.hirtenberg-apotheke.at\/katalog\/wp-json\/wp\/v2\/product_tag?post=39232"}],"curies":[{"name":"wp","href":"https:\/\/api.w.org\/{rel}","templated":true}]}}