{"id":39240,"date":"2025-11-26T07:33:29","date_gmt":"2025-11-26T06:33:29","guid":{"rendered":"https:\/\/www.hirtenberg-apotheke.at\/katalog\/produkt\/pure-encapsulations-pankreatin-enzym-60-stk\/"},"modified":"2025-11-26T07:54:05","modified_gmt":"2025-11-26T06:54:05","slug":"pure-encapsulations-pankreatin-enzym-60-stk","status":"publish","type":"product","link":"https:\/\/www.hirtenberg-apotheke.at\/katalog\/produkt\/pure-encapsulations-pankreatin-enzym-60-stk\/","title":{"rendered":"Pure Encapsulations Pankreatin Enzym 60 Stk."},"content":{"rendered":"<p>Pankreatin wird ein enzymatisch aktiver Komplex genannt, der vonder Bauchspeicheldr\u00fcse (Pankreas) produziert wird und die nat\u00fcrlichenVerdauungsenzyme Protease, Amylase und Lipase enth\u00e4lt.Diese Enzyme sorgen f\u00fcr eine rasche Zerlegung und Verwertungvon Kohlenhydraten, Proteinen und Fetten. Pure Encapsulations\u00aePankreatin Enzym Formel\u00ae basiert auf hochwertigen, naturidentenReinsubstanzen.<\/p>\n","protected":false},"excerpt":{"rendered":"<p>Pankreatin wird ein enzymatisch aktiver Komplex genannt, der vonder Bauchspeicheldr\u00fcse (Pankreas) produziert wird und die nat\u00fcrlichenVerdauungsenzyme Protease, Amylase und Lipase enth\u00e4lt.Diese Enzyme sorgen f\u00fcr eine rasche Zerlegung und Verwertungvon Kohlenhydraten, Proteinen und Fetten. Pure Encapsulations\u00aePankreatin Enzym Formel\u00ae basiert auf hochwertigen, naturidentenReinsubstanzen.<\/p>\n","protected":false},"featured_media":39242,"template":"","meta":{"_acf_changed":false},"product_brand":[1033],"product_cat":[302],"product_tag":[],"class_list":{"0":"post-39240","1":"product","2":"type-product","3":"status-publish","4":"has-post-thumbnail","6":"product_brand-pure-encapsulations","7":"product_cat-p","8":"pa_packungsgroesse-60-stueck","9":"pa_packungsgroesse-180-stueck","11":"first","12":"instock","13":"shipping-taxable","14":"purchasable","15":"product-type-simple"},"acf":[],"_links":{"self":[{"href":"https:\/\/www.hirtenberg-apotheke.at\/katalog\/wp-json\/wp\/v2\/product\/39240","targetHints":{"allow":["GET"]}}],"collection":[{"href":"https:\/\/www.hirtenberg-apotheke.at\/katalog\/wp-json\/wp\/v2\/product"}],"about":[{"href":"https:\/\/www.hirtenberg-apotheke.at\/katalog\/wp-json\/wp\/v2\/types\/product"}],"wp:featuredmedia":[{"embeddable":true,"href":"https:\/\/www.hirtenberg-apotheke.at\/katalog\/wp-json\/wp\/v2\/media\/39242"}],"wp:attachment":[{"href":"https:\/\/www.hirtenberg-apotheke.at\/katalog\/wp-json\/wp\/v2\/media?parent=39240"}],"wp:term":[{"taxonomy":"product_brand","embeddable":true,"href":"https:\/\/www.hirtenberg-apotheke.at\/katalog\/wp-json\/wp\/v2\/product_brand?post=39240"},{"taxonomy":"product_cat","embeddable":true,"href":"https:\/\/www.hirtenberg-apotheke.at\/katalog\/wp-json\/wp\/v2\/product_cat?post=39240"},{"taxonomy":"product_tag","embeddable":true,"href":"https:\/\/www.hirtenberg-apotheke.at\/katalog\/wp-json\/wp\/v2\/product_tag?post=39240"}],"curies":[{"name":"wp","href":"https:\/\/api.w.org\/{rel}","templated":true}]}}