{"id":39286,"date":"2025-11-26T07:34:20","date_gmt":"2025-11-26T06:34:20","guid":{"rendered":"https:\/\/www.hirtenberg-apotheke.at\/katalog\/produkt\/floradix-eisen-tonikum-kind-250-ml\/"},"modified":"2025-11-26T07:34:46","modified_gmt":"2025-11-26T06:34:46","slug":"floradix-eisen-tonikum-kind-250-ml","status":"publish","type":"product","link":"https:\/\/www.hirtenberg-apotheke.at\/katalog\/produkt\/floradix-eisen-tonikum-kind-250-ml\/","title":{"rendered":"Floradix Eisen Tonikum Kind 250 ml"},"content":{"rendered":"<p>Floradix-EisenTonikum f\u00fcr Kinder mit leckerem Himbeersaft und nat\u00fcrlichen Kr\u00e4uterextrakten. Es dient zur optimalen Eisen-Aufnahme (Eisen(II)gluconat) mit nat\u00fcrlichem Vitamin aus der Acerolakrische.<\/p>\n","protected":false},"excerpt":{"rendered":"<p>Floradix-EisenTonikum f\u00fcr Kinder mit leckerem Himbeersaft und nat\u00fcrlichen Kr\u00e4uterextrakten. Es dient zur optimalen Eisen-Aufnahme (Eisen(II)gluconat) mit nat\u00fcrlichem Vitamin aus der Acerolakrische.<\/p>\n","protected":false},"featured_media":39288,"template":"","meta":{"_acf_changed":false},"product_brand":[1050],"product_cat":[322],"product_tag":[],"class_list":{"0":"post-39286","1":"product","2":"type-product","3":"status-publish","4":"has-post-thumbnail","6":"product_brand-floradix","7":"product_cat-f","8":"pa_packungsgroesse-250ml","10":"first","11":"instock","12":"shipping-taxable","13":"purchasable","14":"product-type-simple"},"acf":[],"_links":{"self":[{"href":"https:\/\/www.hirtenberg-apotheke.at\/katalog\/wp-json\/wp\/v2\/product\/39286","targetHints":{"allow":["GET"]}}],"collection":[{"href":"https:\/\/www.hirtenberg-apotheke.at\/katalog\/wp-json\/wp\/v2\/product"}],"about":[{"href":"https:\/\/www.hirtenberg-apotheke.at\/katalog\/wp-json\/wp\/v2\/types\/product"}],"wp:featuredmedia":[{"embeddable":true,"href":"https:\/\/www.hirtenberg-apotheke.at\/katalog\/wp-json\/wp\/v2\/media\/39288"}],"wp:attachment":[{"href":"https:\/\/www.hirtenberg-apotheke.at\/katalog\/wp-json\/wp\/v2\/media?parent=39286"}],"wp:term":[{"taxonomy":"product_brand","embeddable":true,"href":"https:\/\/www.hirtenberg-apotheke.at\/katalog\/wp-json\/wp\/v2\/product_brand?post=39286"},{"taxonomy":"product_cat","embeddable":true,"href":"https:\/\/www.hirtenberg-apotheke.at\/katalog\/wp-json\/wp\/v2\/product_cat?post=39286"},{"taxonomy":"product_tag","embeddable":true,"href":"https:\/\/www.hirtenberg-apotheke.at\/katalog\/wp-json\/wp\/v2\/product_tag?post=39286"}],"curies":[{"name":"wp","href":"https:\/\/api.w.org\/{rel}","templated":true}]}}