{"id":39307,"date":"2025-11-26T07:35:03","date_gmt":"2025-11-26T06:35:03","guid":{"rendered":"https:\/\/www.hirtenberg-apotheke.at\/katalog\/produkt\/pure-encapsulations-dl-phenylalin-90-stk\/"},"modified":"2025-11-26T07:35:07","modified_gmt":"2025-11-26T06:35:07","slug":"pure-encapsulations-dl-phenylalin-90-stk","status":"publish","type":"product","link":"https:\/\/www.hirtenberg-apotheke.at\/katalog\/produkt\/pure-encapsulations-dl-phenylalin-90-stk\/","title":{"rendered":"Pure Encapsulations DL-phenylalin 90 Stk."},"content":{"rendered":"<p>Phenylalanin ist eine unentbehrliche Aminos\u00e4ure, die der K\u00f6rperselbst nicht herstellen kann. Die in der Natur als Proteinbestandteilvorkommende Substanz muss daher \u00fcber die Ern\u00e4hrungzugef\u00fchrt werden. Phenylalanin wird in der Leber in Tyrosinumgewandelt. Diese Aminos\u00e4ure ist eine wichtige Ausgangssubstanzder Schilddr\u00fcsenhormone. Auch die Botenstoffen Adrenalin,Noradrenalin und Dopamin werden aus Tyrosin gebildet. PureEncapsulations\u00ae DL-Phenylalanin liefert die D- und die L-Form ineinem ausgewogenen Verh\u00e4ltnis.<\/p>\n","protected":false},"excerpt":{"rendered":"<p>Phenylalanin ist eine unentbehrliche Aminos\u00e4ure, die der K\u00f6rperselbst nicht herstellen kann. Die in der Natur als Proteinbestandteilvorkommende Substanz muss daher \u00fcber die Ern\u00e4hrungzugef\u00fchrt werden. Phenylalanin wird in der Leber in Tyrosinumgewandelt. Diese Aminos\u00e4ure ist eine wichtige Ausgangssubstanzder Schilddr\u00fcsenhormone. Auch die Botenstoffen Adrenalin,Noradrenalin und Dopamin werden aus Tyrosin gebildet. PureEncapsulations\u00ae DL-Phenylalanin liefert die D- und die [&hellip;]<\/p>\n","protected":false},"featured_media":39309,"template":"","meta":{"_acf_changed":false},"product_brand":[1033],"product_cat":[302],"product_tag":[],"class_list":{"0":"post-39307","1":"product","2":"type-product","3":"status-publish","4":"has-post-thumbnail","6":"product_brand-pure-encapsulations","7":"product_cat-p","8":"pa_packungsgroesse-90-stueck","10":"first","11":"instock","12":"shipping-taxable","13":"purchasable","14":"product-type-simple"},"acf":[],"_links":{"self":[{"href":"https:\/\/www.hirtenberg-apotheke.at\/katalog\/wp-json\/wp\/v2\/product\/39307","targetHints":{"allow":["GET"]}}],"collection":[{"href":"https:\/\/www.hirtenberg-apotheke.at\/katalog\/wp-json\/wp\/v2\/product"}],"about":[{"href":"https:\/\/www.hirtenberg-apotheke.at\/katalog\/wp-json\/wp\/v2\/types\/product"}],"wp:featuredmedia":[{"embeddable":true,"href":"https:\/\/www.hirtenberg-apotheke.at\/katalog\/wp-json\/wp\/v2\/media\/39309"}],"wp:attachment":[{"href":"https:\/\/www.hirtenberg-apotheke.at\/katalog\/wp-json\/wp\/v2\/media?parent=39307"}],"wp:term":[{"taxonomy":"product_brand","embeddable":true,"href":"https:\/\/www.hirtenberg-apotheke.at\/katalog\/wp-json\/wp\/v2\/product_brand?post=39307"},{"taxonomy":"product_cat","embeddable":true,"href":"https:\/\/www.hirtenberg-apotheke.at\/katalog\/wp-json\/wp\/v2\/product_cat?post=39307"},{"taxonomy":"product_tag","embeddable":true,"href":"https:\/\/www.hirtenberg-apotheke.at\/katalog\/wp-json\/wp\/v2\/product_tag?post=39307"}],"curies":[{"name":"wp","href":"https:\/\/api.w.org\/{rel}","templated":true}]}}