{"id":39318,"date":"2025-11-26T07:35:03","date_gmt":"2025-11-26T06:35:03","guid":{"rendered":"https:\/\/www.hirtenberg-apotheke.at\/katalog\/produkt\/pure-encapsulations-l-methionin-60-stk\/"},"modified":"2025-11-26T07:35:19","modified_gmt":"2025-11-26T06:35:19","slug":"pure-encapsulations-l-methionin-60-stk","status":"publish","type":"product","link":"https:\/\/www.hirtenberg-apotheke.at\/katalog\/produkt\/pure-encapsulations-l-methionin-60-stk\/","title":{"rendered":"Pure Encapsulations L-Methionin 60 Stk."},"content":{"rendered":"<p>Zur di\u00e4tetischen Behandlung von wiederkehrenden Harnwegsinfekten: L-Methionin ist eine essentielle Aminos\u00e4ure (keine k\u00f6rpereigene Synthese) und muss daher von au\u00dfen zugef\u00fchrt werden. Methionin enth\u00e4lt, wie auch die Aminos\u00e4ure L-Cystein, Schwefel im Molek\u00fcl. Bei der Oxidation von Schwefelwasserstoff entstehen Protonen, die \u00fcber den Urin ausgeschieden werden. Dies hat einen harnans\u00e4uernden Effekt zur Folge, wodurch die Anhaftung von Bakterien an der Schleimhaut des Urogenitaltraktes vermindert wird. L-Methionin kann insofern vor wiederkehrenden Harnwegsinfektionen sch\u00fctzen \u2013 stark preisgesenkt wie alle Artikel von Pure!<\/p>\n","protected":false},"excerpt":{"rendered":"<p>Zur di\u00e4tetischen Behandlung von wiederkehrenden Harnwegsinfekten: L-Methionin ist eine essentielle Aminos\u00e4ure (keine k\u00f6rpereigene Synthese) und muss daher von au\u00dfen zugef\u00fchrt werden. Methionin enth\u00e4lt, wie auch die Aminos\u00e4ure L-Cystein, Schwefel im Molek\u00fcl. Bei der Oxidation von Schwefelwasserstoff entstehen Protonen, die \u00fcber den Urin ausgeschieden werden. Dies hat einen harnans\u00e4uernden Effekt zur Folge, wodurch die Anhaftung von [&hellip;]<\/p>\n","protected":false},"featured_media":39320,"template":"","meta":{"_acf_changed":false},"product_brand":[1033],"product_cat":[302],"product_tag":[],"class_list":{"0":"post-39318","1":"product","2":"type-product","3":"status-publish","4":"has-post-thumbnail","6":"product_brand-pure-encapsulations","7":"product_cat-p","8":"pa_packungsgroesse-60-stueck","10":"first","11":"instock","12":"shipping-taxable","13":"purchasable","14":"product-type-simple"},"acf":[],"_links":{"self":[{"href":"https:\/\/www.hirtenberg-apotheke.at\/katalog\/wp-json\/wp\/v2\/product\/39318","targetHints":{"allow":["GET"]}}],"collection":[{"href":"https:\/\/www.hirtenberg-apotheke.at\/katalog\/wp-json\/wp\/v2\/product"}],"about":[{"href":"https:\/\/www.hirtenberg-apotheke.at\/katalog\/wp-json\/wp\/v2\/types\/product"}],"wp:featuredmedia":[{"embeddable":true,"href":"https:\/\/www.hirtenberg-apotheke.at\/katalog\/wp-json\/wp\/v2\/media\/39320"}],"wp:attachment":[{"href":"https:\/\/www.hirtenberg-apotheke.at\/katalog\/wp-json\/wp\/v2\/media?parent=39318"}],"wp:term":[{"taxonomy":"product_brand","embeddable":true,"href":"https:\/\/www.hirtenberg-apotheke.at\/katalog\/wp-json\/wp\/v2\/product_brand?post=39318"},{"taxonomy":"product_cat","embeddable":true,"href":"https:\/\/www.hirtenberg-apotheke.at\/katalog\/wp-json\/wp\/v2\/product_cat?post=39318"},{"taxonomy":"product_tag","embeddable":true,"href":"https:\/\/www.hirtenberg-apotheke.at\/katalog\/wp-json\/wp\/v2\/product_tag?post=39318"}],"curies":[{"name":"wp","href":"https:\/\/api.w.org\/{rel}","templated":true}]}}