{"id":39328,"date":"2025-11-26T07:35:03","date_gmt":"2025-11-26T06:35:03","guid":{"rendered":"https:\/\/www.hirtenberg-apotheke.at\/katalog\/produkt\/casida-vitamin-e-oel-mit-tocopherol-und-natuerl-vit-e-fuer-trockene-haut\/"},"modified":"2025-11-26T07:35:27","modified_gmt":"2025-11-26T06:35:27","slug":"casida-vitamin-e-oel-mit-tocopherol-und-natuerl-vit-e-fuer-trockene-haut","status":"publish","type":"product","link":"https:\/\/www.hirtenberg-apotheke.at\/katalog\/produkt\/casida-vitamin-e-oel-mit-tocopherol-und-natuerl-vit-e-fuer-trockene-haut\/","title":{"rendered":"Casida VITAMIN E \u00d6L mit Tocopherol und nat\u00fcrl. Vit. E f\u00fcr trockene Haut"},"content":{"rendered":"<p>Das hochwertige Vitamin E \u00d6l aus Weizenkeimen pflegt Ihre Haut Tag f\u00fcr Tag nat\u00fcrlich streichelzart. Ideal zur Pflege bei F\u00e4ltchen, Dehnungsstreifen und Narben<\/p>\n","protected":false},"excerpt":{"rendered":"<p>Das hochwertige Vitamin E \u00d6l aus Weizenkeimen pflegt Ihre Haut Tag f\u00fcr Tag nat\u00fcrlich streichelzart. Ideal zur Pflege bei F\u00e4ltchen, Dehnungsstreifen und Narben<\/p>\n","protected":false},"featured_media":0,"template":"","meta":{"_acf_changed":false},"product_brand":[],"product_cat":[337],"product_tag":[],"class_list":{"0":"post-39328","1":"product","2":"type-product","3":"status-publish","5":"product_cat-c","6":"pa_packungsgroesse-50ml","8":"first","9":"instock","10":"shipping-taxable","11":"purchasable","12":"product-type-simple"},"acf":[],"_links":{"self":[{"href":"https:\/\/www.hirtenberg-apotheke.at\/katalog\/wp-json\/wp\/v2\/product\/39328","targetHints":{"allow":["GET"]}}],"collection":[{"href":"https:\/\/www.hirtenberg-apotheke.at\/katalog\/wp-json\/wp\/v2\/product"}],"about":[{"href":"https:\/\/www.hirtenberg-apotheke.at\/katalog\/wp-json\/wp\/v2\/types\/product"}],"wp:attachment":[{"href":"https:\/\/www.hirtenberg-apotheke.at\/katalog\/wp-json\/wp\/v2\/media?parent=39328"}],"wp:term":[{"taxonomy":"product_brand","embeddable":true,"href":"https:\/\/www.hirtenberg-apotheke.at\/katalog\/wp-json\/wp\/v2\/product_brand?post=39328"},{"taxonomy":"product_cat","embeddable":true,"href":"https:\/\/www.hirtenberg-apotheke.at\/katalog\/wp-json\/wp\/v2\/product_cat?post=39328"},{"taxonomy":"product_tag","embeddable":true,"href":"https:\/\/www.hirtenberg-apotheke.at\/katalog\/wp-json\/wp\/v2\/product_tag?post=39328"}],"curies":[{"name":"wp","href":"https:\/\/api.w.org\/{rel}","templated":true}]}}