{"id":39339,"date":"2025-11-26T07:35:26","date_gmt":"2025-11-26T06:35:26","guid":{"rendered":"https:\/\/www.hirtenberg-apotheke.at\/katalog\/produkt\/pure-encapsulations-heidelbeer-extrakt-80-mg-60-stk\/"},"modified":"2025-11-26T07:35:41","modified_gmt":"2025-11-26T06:35:41","slug":"pure-encapsulations-heidelbeer-extrakt-80-mg-60-stk","status":"publish","type":"product","link":"https:\/\/www.hirtenberg-apotheke.at\/katalog\/produkt\/pure-encapsulations-heidelbeer-extrakt-80-mg-60-stk\/","title":{"rendered":"Pure Encapsulations Heidelbeer-Extrakt 80 mg 60 Stk."},"content":{"rendered":"<p>Die Fr\u00fcchte der Heidelbeere (Vaccinium myrtillus) sind reich anbioaktiven Pflanzenstoffen sowie Provitamin A, Vitamin B2 und Zink.Pure Encapsulations\u00ae Heidelbeer Extrakt enth\u00e4lt pro Kapsel 80 mgauf 25 % Anthocyanoside standardisierten Fruchtextrakt und basiertauf hochwertigen, naturidenten Reinsubstanzen.H\u00f6chstm\u00f6gliche Qualit\u00e4tsstandards garantieren, dass die verwendetenInhaltsstoffe maximal vertr\u00e4glich sind und eine optimale Bioverf\u00fcgbarkeitaufweisen. Deshalb gelten wir auch weltweit als dasOriginal bei Reinsubstanzen. Zum leichten Leben bedarf es wenig.Pure Encapsulations\u00ae Heidelbeer Extrakt ist laktosefrei, fruktosefreiund glutenfrei. Auch auf k\u00fcnstliche Farb- und Geschmacksstoffehat man bei Pure Encapsulations\u00ae verzichtet.<\/p>\n","protected":false},"excerpt":{"rendered":"<p>Die Fr\u00fcchte der Heidelbeere (Vaccinium myrtillus) sind reich anbioaktiven Pflanzenstoffen sowie Provitamin A, Vitamin B2 und Zink.Pure Encapsulations\u00ae Heidelbeer Extrakt enth\u00e4lt pro Kapsel 80 mgauf 25 % Anthocyanoside standardisierten Fruchtextrakt und basiertauf hochwertigen, naturidenten Reinsubstanzen.H\u00f6chstm\u00f6gliche Qualit\u00e4tsstandards garantieren, dass die verwendetenInhaltsstoffe maximal vertr\u00e4glich sind und eine optimale Bioverf\u00fcgbarkeitaufweisen. Deshalb gelten wir auch weltweit als dasOriginal bei [&hellip;]<\/p>\n","protected":false},"featured_media":39341,"template":"","meta":{"_acf_changed":false},"product_brand":[1033],"product_cat":[302],"product_tag":[],"class_list":{"0":"post-39339","1":"product","2":"type-product","3":"status-publish","4":"has-post-thumbnail","6":"product_brand-pure-encapsulations","7":"product_cat-p","8":"pa_packungsgroesse-60-stueck","10":"first","11":"instock","12":"shipping-taxable","13":"purchasable","14":"product-type-simple"},"acf":[],"_links":{"self":[{"href":"https:\/\/www.hirtenberg-apotheke.at\/katalog\/wp-json\/wp\/v2\/product\/39339","targetHints":{"allow":["GET"]}}],"collection":[{"href":"https:\/\/www.hirtenberg-apotheke.at\/katalog\/wp-json\/wp\/v2\/product"}],"about":[{"href":"https:\/\/www.hirtenberg-apotheke.at\/katalog\/wp-json\/wp\/v2\/types\/product"}],"wp:featuredmedia":[{"embeddable":true,"href":"https:\/\/www.hirtenberg-apotheke.at\/katalog\/wp-json\/wp\/v2\/media\/39341"}],"wp:attachment":[{"href":"https:\/\/www.hirtenberg-apotheke.at\/katalog\/wp-json\/wp\/v2\/media?parent=39339"}],"wp:term":[{"taxonomy":"product_brand","embeddable":true,"href":"https:\/\/www.hirtenberg-apotheke.at\/katalog\/wp-json\/wp\/v2\/product_brand?post=39339"},{"taxonomy":"product_cat","embeddable":true,"href":"https:\/\/www.hirtenberg-apotheke.at\/katalog\/wp-json\/wp\/v2\/product_cat?post=39339"},{"taxonomy":"product_tag","embeddable":true,"href":"https:\/\/www.hirtenberg-apotheke.at\/katalog\/wp-json\/wp\/v2\/product_tag?post=39339"}],"curies":[{"name":"wp","href":"https:\/\/api.w.org\/{rel}","templated":true}]}}