{"id":39378,"date":"2025-11-26T07:35:56","date_gmt":"2025-11-26T06:35:56","guid":{"rendered":"https:\/\/www.hirtenberg-apotheke.at\/katalog\/produkt\/orthomol-veg-one-kapseln-30-stk\/"},"modified":"2025-11-26T07:36:33","modified_gmt":"2025-11-26T06:36:33","slug":"orthomol-veg-one-kapseln-30-stk","status":"publish","type":"product","link":"https:\/\/www.hirtenberg-apotheke.at\/katalog\/produkt\/orthomol-veg-one-kapseln-30-stk\/","title":{"rendered":"Orthomol Veg one Kapseln 30 Stk."},"content":{"rendered":"<p>Orthomol Veg one\u00ae Kapseln 30 Stk. ist ein Nahrungserg\u00e4nzungsmittel zur Unterst\u00fctzung bei einer veganen oder vegetarischen Ern\u00e4hrung. Vitamin B6 und Vitamin B12 tragen zu einem normalen Homocystein-Stoffwechsel sowie gemeinsam mit Vitamin D zu einer normalen Funktion des Immunsystems bei. Vitamin B2 (Riboflavin), Vitamin B6, Vitamin B12 und Eisen tragen zur Verringerung von M\u00fcdigkeit und Erm\u00fcdung bei. Zink tr\u00e4gt zu einem normalen Kohlenhydrat-Stoffwechsel, Fetts\u00e4urestoffwechsel und zu einer normalen Eiwei\u00dfsynthese sowie zur Erhaltung normaler Haut bei. Selen und Zink tragen zur Erhaltung normaler Haare und N\u00e4gel bei.<\/p>\n","protected":false},"excerpt":{"rendered":"<p>Orthomol Veg one\u00ae Kapseln 30 Stk. ist ein Nahrungserg\u00e4nzungsmittel zur Unterst\u00fctzung bei einer veganen oder vegetarischen Ern\u00e4hrung. Vitamin B6 und Vitamin B12 tragen zu einem normalen Homocystein-Stoffwechsel sowie gemeinsam mit Vitamin D zu einer normalen Funktion des Immunsystems bei. Vitamin B2 (Riboflavin), Vitamin B6, Vitamin B12 und Eisen tragen zur Verringerung von M\u00fcdigkeit und Erm\u00fcdung [&hellip;]<\/p>\n","protected":false},"featured_media":39380,"template":"","meta":{"_acf_changed":false},"product_brand":[348],"product_cat":[349],"product_tag":[],"class_list":{"0":"post-39378","1":"product","2":"type-product","3":"status-publish","4":"has-post-thumbnail","6":"product_brand-orthomol","7":"product_cat-o","8":"pa_packungsgroesse-30-stueck","10":"first","11":"instock","12":"shipping-taxable","13":"purchasable","14":"product-type-simple"},"acf":[],"_links":{"self":[{"href":"https:\/\/www.hirtenberg-apotheke.at\/katalog\/wp-json\/wp\/v2\/product\/39378","targetHints":{"allow":["GET"]}}],"collection":[{"href":"https:\/\/www.hirtenberg-apotheke.at\/katalog\/wp-json\/wp\/v2\/product"}],"about":[{"href":"https:\/\/www.hirtenberg-apotheke.at\/katalog\/wp-json\/wp\/v2\/types\/product"}],"wp:featuredmedia":[{"embeddable":true,"href":"https:\/\/www.hirtenberg-apotheke.at\/katalog\/wp-json\/wp\/v2\/media\/39380"}],"wp:attachment":[{"href":"https:\/\/www.hirtenberg-apotheke.at\/katalog\/wp-json\/wp\/v2\/media?parent=39378"}],"wp:term":[{"taxonomy":"product_brand","embeddable":true,"href":"https:\/\/www.hirtenberg-apotheke.at\/katalog\/wp-json\/wp\/v2\/product_brand?post=39378"},{"taxonomy":"product_cat","embeddable":true,"href":"https:\/\/www.hirtenberg-apotheke.at\/katalog\/wp-json\/wp\/v2\/product_cat?post=39378"},{"taxonomy":"product_tag","embeddable":true,"href":"https:\/\/www.hirtenberg-apotheke.at\/katalog\/wp-json\/wp\/v2\/product_tag?post=39378"}],"curies":[{"name":"wp","href":"https:\/\/api.w.org\/{rel}","templated":true}]}}