{"id":39408,"date":"2025-11-26T07:36:37","date_gmt":"2025-11-26T06:36:37","guid":{"rendered":"https:\/\/www.hirtenberg-apotheke.at\/katalog\/produkt\/vitarenal-kapseln\/"},"modified":"2025-11-26T07:37:05","modified_gmt":"2025-11-26T06:37:05","slug":"vitarenal-kapseln","status":"publish","type":"product","link":"https:\/\/www.hirtenberg-apotheke.at\/katalog\/produkt\/vitarenal-kapseln\/","title":{"rendered":"Vitarenal Kapseln"},"content":{"rendered":"<p>Vitarenal Kapseln sind ein di\u00e4tetisches Lebensmittel zur Versorgung von Dialysepatienten mit wasserl\u00f6slichen Vitaminen. Das Produkt dient zum Ausgleich von Vitamin B-Mangel bei erh\u00f6htem Homocysteinspiegel von Dialysepatienten und Niereninsuffizienz.<\/p>\n","protected":false},"excerpt":{"rendered":"<p>Vitarenal Kapseln sind ein di\u00e4tetisches Lebensmittel zur Versorgung von Dialysepatienten mit wasserl\u00f6slichen Vitaminen. Das Produkt dient zum Ausgleich von Vitamin B-Mangel bei erh\u00f6htem Homocysteinspiegel von Dialysepatienten und Niereninsuffizienz.<\/p>\n","protected":false},"featured_media":0,"template":"","meta":{"_acf_changed":false},"product_brand":[316],"product_cat":[300],"product_tag":[],"class_list":{"0":"post-39408","1":"product","2":"type-product","3":"status-publish","5":"product_brand-gall-pharma","6":"product_cat-v","7":"pa_packungsgroesse-100-stueck","9":"first","10":"instock","11":"shipping-taxable","12":"purchasable","13":"product-type-simple"},"acf":[],"_links":{"self":[{"href":"https:\/\/www.hirtenberg-apotheke.at\/katalog\/wp-json\/wp\/v2\/product\/39408","targetHints":{"allow":["GET"]}}],"collection":[{"href":"https:\/\/www.hirtenberg-apotheke.at\/katalog\/wp-json\/wp\/v2\/product"}],"about":[{"href":"https:\/\/www.hirtenberg-apotheke.at\/katalog\/wp-json\/wp\/v2\/types\/product"}],"wp:attachment":[{"href":"https:\/\/www.hirtenberg-apotheke.at\/katalog\/wp-json\/wp\/v2\/media?parent=39408"}],"wp:term":[{"taxonomy":"product_brand","embeddable":true,"href":"https:\/\/www.hirtenberg-apotheke.at\/katalog\/wp-json\/wp\/v2\/product_brand?post=39408"},{"taxonomy":"product_cat","embeddable":true,"href":"https:\/\/www.hirtenberg-apotheke.at\/katalog\/wp-json\/wp\/v2\/product_cat?post=39408"},{"taxonomy":"product_tag","embeddable":true,"href":"https:\/\/www.hirtenberg-apotheke.at\/katalog\/wp-json\/wp\/v2\/product_tag?post=39408"}],"curies":[{"name":"wp","href":"https:\/\/api.w.org\/{rel}","templated":true}]}}