{"id":39415,"date":"2025-11-26T07:37:04","date_gmt":"2025-11-26T06:37:04","guid":{"rendered":"https:\/\/www.hirtenberg-apotheke.at\/katalog\/produkt\/moringa-oleifera-kapseln-60-stk\/"},"modified":"2025-11-26T07:37:13","modified_gmt":"2025-11-26T06:37:13","slug":"moringa-oleifera-kapseln-60-stk","status":"publish","type":"product","link":"https:\/\/www.hirtenberg-apotheke.at\/katalog\/produkt\/moringa-oleifera-kapseln-60-stk\/","title":{"rendered":"Moringa Oleifera Kapseln 60 Stk."},"content":{"rendered":"<p>Moringa Oleifera Kapseln sind als Nahrungserg\u00e4nzungsmittel zur Zeit in aller Munde, denn Moringa gilt als DIE nat\u00fcrliche Vitalstoffquelle. Moringa wird f\u00fcr seinen hohen Anteil an Vitamin A, Vitamin C, Kalzium, Eiwei\u00df, Kalium, nat\u00fcrlichem Chlorophyll und unges\u00e4ttigten Fetts\u00e4uren gesch\u00e4tzt und wird deshalb oft als &#8222;Wunderpflanze&#8220; bezeichnet.<\/p>\n","protected":false},"excerpt":{"rendered":"<p>Moringa Oleifera Kapseln sind als Nahrungserg\u00e4nzungsmittel zur Zeit in aller Munde, denn Moringa gilt als DIE nat\u00fcrliche Vitalstoffquelle. Moringa wird f\u00fcr seinen hohen Anteil an Vitamin A, Vitamin C, Kalzium, Eiwei\u00df, Kalium, nat\u00fcrlichem Chlorophyll und unges\u00e4ttigten Fetts\u00e4uren gesch\u00e4tzt und wird deshalb oft als &#8222;Wunderpflanze&#8220; bezeichnet.<\/p>\n","protected":false},"featured_media":0,"template":"","meta":{"_acf_changed":false},"product_brand":[],"product_cat":[308],"product_tag":[],"class_list":{"0":"post-39415","1":"product","2":"type-product","3":"status-publish","5":"product_cat-m","6":"pa_packungsgroesse-60-stueck","8":"first","9":"instock","10":"shipping-taxable","11":"purchasable","12":"product-type-simple"},"acf":[],"_links":{"self":[{"href":"https:\/\/www.hirtenberg-apotheke.at\/katalog\/wp-json\/wp\/v2\/product\/39415","targetHints":{"allow":["GET"]}}],"collection":[{"href":"https:\/\/www.hirtenberg-apotheke.at\/katalog\/wp-json\/wp\/v2\/product"}],"about":[{"href":"https:\/\/www.hirtenberg-apotheke.at\/katalog\/wp-json\/wp\/v2\/types\/product"}],"wp:attachment":[{"href":"https:\/\/www.hirtenberg-apotheke.at\/katalog\/wp-json\/wp\/v2\/media?parent=39415"}],"wp:term":[{"taxonomy":"product_brand","embeddable":true,"href":"https:\/\/www.hirtenberg-apotheke.at\/katalog\/wp-json\/wp\/v2\/product_brand?post=39415"},{"taxonomy":"product_cat","embeddable":true,"href":"https:\/\/www.hirtenberg-apotheke.at\/katalog\/wp-json\/wp\/v2\/product_cat?post=39415"},{"taxonomy":"product_tag","embeddable":true,"href":"https:\/\/www.hirtenberg-apotheke.at\/katalog\/wp-json\/wp\/v2\/product_tag?post=39415"}],"curies":[{"name":"wp","href":"https:\/\/api.w.org\/{rel}","templated":true}]}}