{"id":39419,"date":"2025-11-26T07:37:04","date_gmt":"2025-11-26T06:37:04","guid":{"rendered":"https:\/\/www.hirtenberg-apotheke.at\/katalog\/produkt\/vitamin-b1-tabletten-dl-20-stk\/"},"modified":"2025-11-26T07:37:18","modified_gmt":"2025-11-26T06:37:18","slug":"vitamin-b1-tabletten-dl-20-stk","status":"publish","type":"product","link":"https:\/\/www.hirtenberg-apotheke.at\/katalog\/produkt\/vitamin-b1-tabletten-dl-20-stk\/","title":{"rendered":"Vitamin B1 Tabletten DL 20 Stk."},"content":{"rendered":"<p>Vitamin B1 Tabletten DL 20 sind ein Vitamin-Pr\u00e4parat. Vitamin B1 ist ein wasserl\u00f6sliches Vitamin und ist insbesondere f\u00fcr die Funktion des Nervensystems unentbehrlich. Es wird im Volksmund auch Stimmungsvitamin genannt.<\/p>\n","protected":false},"excerpt":{"rendered":"<p>Vitamin B1 Tabletten DL 20 sind ein Vitamin-Pr\u00e4parat. Vitamin B1 ist ein wasserl\u00f6sliches Vitamin und ist insbesondere f\u00fcr die Funktion des Nervensystems unentbehrlich. Es wird im Volksmund auch Stimmungsvitamin genannt.<\/p>\n","protected":false},"featured_media":39421,"template":"","meta":{"_acf_changed":false},"product_brand":[],"product_cat":[300],"product_tag":[],"class_list":{"0":"post-39419","1":"product","2":"type-product","3":"status-publish","4":"has-post-thumbnail","6":"product_cat-v","7":"pa_packungsgroesse-20-stueck","9":"first","10":"instock","11":"shipping-taxable","12":"purchasable","13":"product-type-simple"},"acf":[],"_links":{"self":[{"href":"https:\/\/www.hirtenberg-apotheke.at\/katalog\/wp-json\/wp\/v2\/product\/39419","targetHints":{"allow":["GET"]}}],"collection":[{"href":"https:\/\/www.hirtenberg-apotheke.at\/katalog\/wp-json\/wp\/v2\/product"}],"about":[{"href":"https:\/\/www.hirtenberg-apotheke.at\/katalog\/wp-json\/wp\/v2\/types\/product"}],"wp:featuredmedia":[{"embeddable":true,"href":"https:\/\/www.hirtenberg-apotheke.at\/katalog\/wp-json\/wp\/v2\/media\/39421"}],"wp:attachment":[{"href":"https:\/\/www.hirtenberg-apotheke.at\/katalog\/wp-json\/wp\/v2\/media?parent=39419"}],"wp:term":[{"taxonomy":"product_brand","embeddable":true,"href":"https:\/\/www.hirtenberg-apotheke.at\/katalog\/wp-json\/wp\/v2\/product_brand?post=39419"},{"taxonomy":"product_cat","embeddable":true,"href":"https:\/\/www.hirtenberg-apotheke.at\/katalog\/wp-json\/wp\/v2\/product_cat?post=39419"},{"taxonomy":"product_tag","embeddable":true,"href":"https:\/\/www.hirtenberg-apotheke.at\/katalog\/wp-json\/wp\/v2\/product_tag?post=39419"}],"curies":[{"name":"wp","href":"https:\/\/api.w.org\/{rel}","templated":true}]}}