{"id":39444,"date":"2025-11-26T07:37:46","date_gmt":"2025-11-26T06:37:46","guid":{"rendered":"https:\/\/www.hirtenberg-apotheke.at\/katalog\/produkt\/pure-encapsulations-colostrum-40-igg-90-stk\/"},"modified":"2025-11-26T07:37:50","modified_gmt":"2025-11-26T06:37:50","slug":"pure-encapsulations-colostrum-40-igg-90-stk","status":"publish","type":"product","link":"https:\/\/www.hirtenberg-apotheke.at\/katalog\/produkt\/pure-encapsulations-colostrum-40-igg-90-stk\/","title":{"rendered":"Pure Encapsulations Colostrum 40% IgG 90 Stk."},"content":{"rendered":"<p>Colostrum wird auch als Erstmilch bezeichnet und stellt eineeinzigartige, nat\u00fcrliche N\u00e4hrstoffkombination dar. Der Colostrum-Extrakt enth\u00e4lt Enzyme, essentielle Aminos\u00e4uren und Vitalstoffe(Vitamine, Spurenelemente) in hoher Konzentration. Pure Encapsulations\u00ae Colostrum ist auf einen Gehalt von 40% Immunglobulinen(IgG) standardisiert, wird aus Kuhmilch gewonnen und basiert aufhochwertigen, naturidenten Reinsubstanzen<\/p>\n","protected":false},"excerpt":{"rendered":"<p>Colostrum wird auch als Erstmilch bezeichnet und stellt eineeinzigartige, nat\u00fcrliche N\u00e4hrstoffkombination dar. Der Colostrum-Extrakt enth\u00e4lt Enzyme, essentielle Aminos\u00e4uren und Vitalstoffe(Vitamine, Spurenelemente) in hoher Konzentration. Pure Encapsulations\u00ae Colostrum ist auf einen Gehalt von 40% Immunglobulinen(IgG) standardisiert, wird aus Kuhmilch gewonnen und basiert aufhochwertigen, naturidenten Reinsubstanzen<\/p>\n","protected":false},"featured_media":39446,"template":"","meta":{"_acf_changed":false},"product_brand":[1033],"product_cat":[302],"product_tag":[],"class_list":{"0":"post-39444","1":"product","2":"type-product","3":"status-publish","4":"has-post-thumbnail","6":"product_brand-pure-encapsulations","7":"product_cat-p","8":"pa_packungsgroesse-90-stueck","10":"first","11":"instock","12":"shipping-taxable","13":"purchasable","14":"product-type-simple"},"acf":[],"_links":{"self":[{"href":"https:\/\/www.hirtenberg-apotheke.at\/katalog\/wp-json\/wp\/v2\/product\/39444","targetHints":{"allow":["GET"]}}],"collection":[{"href":"https:\/\/www.hirtenberg-apotheke.at\/katalog\/wp-json\/wp\/v2\/product"}],"about":[{"href":"https:\/\/www.hirtenberg-apotheke.at\/katalog\/wp-json\/wp\/v2\/types\/product"}],"wp:featuredmedia":[{"embeddable":true,"href":"https:\/\/www.hirtenberg-apotheke.at\/katalog\/wp-json\/wp\/v2\/media\/39446"}],"wp:attachment":[{"href":"https:\/\/www.hirtenberg-apotheke.at\/katalog\/wp-json\/wp\/v2\/media?parent=39444"}],"wp:term":[{"taxonomy":"product_brand","embeddable":true,"href":"https:\/\/www.hirtenberg-apotheke.at\/katalog\/wp-json\/wp\/v2\/product_brand?post=39444"},{"taxonomy":"product_cat","embeddable":true,"href":"https:\/\/www.hirtenberg-apotheke.at\/katalog\/wp-json\/wp\/v2\/product_cat?post=39444"},{"taxonomy":"product_tag","embeddable":true,"href":"https:\/\/www.hirtenberg-apotheke.at\/katalog\/wp-json\/wp\/v2\/product_tag?post=39444"}],"curies":[{"name":"wp","href":"https:\/\/api.w.org\/{rel}","templated":true}]}}