{"id":39455,"date":"2025-11-26T07:37:46","date_gmt":"2025-11-26T06:37:46","guid":{"rendered":"https:\/\/www.hirtenberg-apotheke.at\/katalog\/produkt\/guarana-500mg-kapseln\/"},"modified":"2025-11-26T07:38:00","modified_gmt":"2025-11-26T06:38:00","slug":"guarana-500mg-kapseln","status":"publish","type":"product","link":"https:\/\/www.hirtenberg-apotheke.at\/katalog\/produkt\/guarana-500mg-kapseln\/","title":{"rendered":"Guarana 500mg Kapseln"},"content":{"rendered":"<p>Gall Pharma Guarana 500 mg Kapseln enthalten 500 mg Guarana Extrakt in einer Hartgelatinekapsel. Anders als bei Kaffee oder Tee bleibt bei Guarana die anregende, muntermachende und stimulierende Wirkung des Coffeins \u00fcber Stunden gleichm\u00e4\u00dfig und angenehm erhalten<\/p>\n","protected":false},"excerpt":{"rendered":"<p>Gall Pharma Guarana 500 mg Kapseln enthalten 500 mg Guarana Extrakt in einer Hartgelatinekapsel. Anders als bei Kaffee oder Tee bleibt bei Guarana die anregende, muntermachende und stimulierende Wirkung des Coffeins \u00fcber Stunden gleichm\u00e4\u00dfig und angenehm erhalten<\/p>\n","protected":false},"featured_media":0,"template":"","meta":{"_acf_changed":false},"product_brand":[316],"product_cat":[328],"product_tag":[],"class_list":{"0":"post-39455","1":"product","2":"type-product","3":"status-publish","5":"product_brand-gall-pharma","6":"product_cat-g","7":"pa_packungsgroesse-100-stueck","9":"first","10":"instock","11":"shipping-taxable","12":"purchasable","13":"product-type-simple"},"acf":[],"_links":{"self":[{"href":"https:\/\/www.hirtenberg-apotheke.at\/katalog\/wp-json\/wp\/v2\/product\/39455","targetHints":{"allow":["GET"]}}],"collection":[{"href":"https:\/\/www.hirtenberg-apotheke.at\/katalog\/wp-json\/wp\/v2\/product"}],"about":[{"href":"https:\/\/www.hirtenberg-apotheke.at\/katalog\/wp-json\/wp\/v2\/types\/product"}],"wp:attachment":[{"href":"https:\/\/www.hirtenberg-apotheke.at\/katalog\/wp-json\/wp\/v2\/media?parent=39455"}],"wp:term":[{"taxonomy":"product_brand","embeddable":true,"href":"https:\/\/www.hirtenberg-apotheke.at\/katalog\/wp-json\/wp\/v2\/product_brand?post=39455"},{"taxonomy":"product_cat","embeddable":true,"href":"https:\/\/www.hirtenberg-apotheke.at\/katalog\/wp-json\/wp\/v2\/product_cat?post=39455"},{"taxonomy":"product_tag","embeddable":true,"href":"https:\/\/www.hirtenberg-apotheke.at\/katalog\/wp-json\/wp\/v2\/product_tag?post=39455"}],"curies":[{"name":"wp","href":"https:\/\/api.w.org\/{rel}","templated":true}]}}