{"id":39500,"date":"2025-11-26T07:38:32","date_gmt":"2025-11-26T06:38:32","guid":{"rendered":"https:\/\/www.hirtenberg-apotheke.at\/katalog\/produkt\/pure-encapsulations-kapseln-same-s-adenosyl-methionin-60-stk\/"},"modified":"2025-11-26T07:38:49","modified_gmt":"2025-11-26T06:38:49","slug":"pure-encapsulations-kapseln-same-s-adenosyl-methionin-60-stk","status":"publish","type":"product","link":"https:\/\/www.hirtenberg-apotheke.at\/katalog\/produkt\/pure-encapsulations-kapseln-same-s-adenosyl-methionin-60-stk\/","title":{"rendered":"Pure Encapsulations Kapseln SAMe S-Adenosyl-Methionin 60 Stk."},"content":{"rendered":"<p>S-Adenosyl-Methionin (SAMe) ist eine nat\u00fcrlich vorkommendeSubstanz und als Methylgruppen-Donator f\u00fcr den Stoffwechselvon Bedeutung. Das Aminos\u00e4urederivat wird aus ATP (Adenosintriphosphat)und der essentiellen Aminos\u00e4ure Methionin unterAbspaltung von Pyrophosphat und Phosphat gebildet. SAMe ist inNahrungsmitteln nur sehr reduziert enthalten, anders als dessenVorstufe Methionin, aus der es im K\u00f6rper gebildet wird. F\u00fcr dieendogene Synthese von S-Adenosyl-Methionin sind die VitamineB12 und Fols\u00e4ure notwendig.<\/p>\n","protected":false},"excerpt":{"rendered":"<p>S-Adenosyl-Methionin (SAMe) ist eine nat\u00fcrlich vorkommendeSubstanz und als Methylgruppen-Donator f\u00fcr den Stoffwechselvon Bedeutung. Das Aminos\u00e4urederivat wird aus ATP (Adenosintriphosphat)und der essentiellen Aminos\u00e4ure Methionin unterAbspaltung von Pyrophosphat und Phosphat gebildet. SAMe ist inNahrungsmitteln nur sehr reduziert enthalten, anders als dessenVorstufe Methionin, aus der es im K\u00f6rper gebildet wird. F\u00fcr dieendogene Synthese von S-Adenosyl-Methionin sind die VitamineB12 [&hellip;]<\/p>\n","protected":false},"featured_media":39502,"template":"","meta":{"_acf_changed":false},"product_brand":[1033],"product_cat":[302],"product_tag":[],"class_list":{"0":"post-39500","1":"product","2":"type-product","3":"status-publish","4":"has-post-thumbnail","6":"product_brand-pure-encapsulations","7":"product_cat-p","8":"pa_packungsgroesse-60-stueck","10":"first","11":"instock","12":"shipping-taxable","13":"purchasable","14":"product-type-simple"},"acf":[],"_links":{"self":[{"href":"https:\/\/www.hirtenberg-apotheke.at\/katalog\/wp-json\/wp\/v2\/product\/39500","targetHints":{"allow":["GET"]}}],"collection":[{"href":"https:\/\/www.hirtenberg-apotheke.at\/katalog\/wp-json\/wp\/v2\/product"}],"about":[{"href":"https:\/\/www.hirtenberg-apotheke.at\/katalog\/wp-json\/wp\/v2\/types\/product"}],"wp:featuredmedia":[{"embeddable":true,"href":"https:\/\/www.hirtenberg-apotheke.at\/katalog\/wp-json\/wp\/v2\/media\/39502"}],"wp:attachment":[{"href":"https:\/\/www.hirtenberg-apotheke.at\/katalog\/wp-json\/wp\/v2\/media?parent=39500"}],"wp:term":[{"taxonomy":"product_brand","embeddable":true,"href":"https:\/\/www.hirtenberg-apotheke.at\/katalog\/wp-json\/wp\/v2\/product_brand?post=39500"},{"taxonomy":"product_cat","embeddable":true,"href":"https:\/\/www.hirtenberg-apotheke.at\/katalog\/wp-json\/wp\/v2\/product_cat?post=39500"},{"taxonomy":"product_tag","embeddable":true,"href":"https:\/\/www.hirtenberg-apotheke.at\/katalog\/wp-json\/wp\/v2\/product_tag?post=39500"}],"curies":[{"name":"wp","href":"https:\/\/api.w.org\/{rel}","templated":true}]}}