{"id":39552,"date":"2025-11-26T07:39:35","date_gmt":"2025-11-26T06:39:35","guid":{"rendered":"https:\/\/www.hirtenberg-apotheke.at\/katalog\/produkt\/pure-encapsulations-amd-formel-60-stk\/"},"modified":"2025-11-26T07:39:47","modified_gmt":"2025-11-26T06:39:47","slug":"pure-encapsulations-amd-formel-60-stk","status":"publish","type":"product","link":"https:\/\/www.hirtenberg-apotheke.at\/katalog\/produkt\/pure-encapsulations-amd-formel-60-stk\/","title":{"rendered":"Pure Encapsulations AMD Formel 60 Stk."},"content":{"rendered":"<p>Die AMD Formel von Pure Encapsulations\u00ae enth\u00e4lt Mikron\u00e4hrstoffe mit antioxidativen Eigenschaften, welche zudem die Aufrechterhaltung einer normalen Sehkraft sowie die Integrit\u00e4t des Auges unterst\u00fctzen. Die Vitamine C und E, das Spurenelement Zink sowie das aus den nat\u00fcrlichen Carotinoiden Lutein und Zeaxanthin gebildete Vitamin A sind wichtig f\u00fcr die Erhaltung einer normalen Sehkraft. Lutein (\u00aeFloraGLO) wird aus der Tagetes (Studentenblume) gewonnen und Zeaxanthin stammt von OPTISHARP\u00ae, welches dem nat\u00fcrlichen Zeaxanthin entspricht. Durch die spezielle Zusammensetzung von Schl\u00fcsseln\u00e4hrstoffen in optimal bioverf\u00fcgbarer Form entspricht die Rezeptur den aktuellen wissenschaftlichen Standards zur Aufrechterhaltung einer normalen Sehkraft. \u2013 jetzt stark preisgesenkt bestellen!<\/p>\n","protected":false},"excerpt":{"rendered":"<p>Die AMD Formel von Pure Encapsulations\u00ae enth\u00e4lt Mikron\u00e4hrstoffe mit antioxidativen Eigenschaften, welche zudem die Aufrechterhaltung einer normalen Sehkraft sowie die Integrit\u00e4t des Auges unterst\u00fctzen. Die Vitamine C und E, das Spurenelement Zink sowie das aus den nat\u00fcrlichen Carotinoiden Lutein und Zeaxanthin gebildete Vitamin A sind wichtig f\u00fcr die Erhaltung einer normalen Sehkraft. Lutein (\u00aeFloraGLO) wird [&hellip;]<\/p>\n","protected":false},"featured_media":39554,"template":"","meta":{"_acf_changed":false},"product_brand":[1033],"product_cat":[302],"product_tag":[],"class_list":{"0":"post-39552","1":"product","2":"type-product","3":"status-publish","4":"has-post-thumbnail","6":"product_brand-pure-encapsulations","7":"product_cat-p","8":"pa_packungsgroesse-60-stueck","10":"first","11":"instock","12":"shipping-taxable","13":"purchasable","14":"product-type-simple"},"acf":[],"_links":{"self":[{"href":"https:\/\/www.hirtenberg-apotheke.at\/katalog\/wp-json\/wp\/v2\/product\/39552","targetHints":{"allow":["GET"]}}],"collection":[{"href":"https:\/\/www.hirtenberg-apotheke.at\/katalog\/wp-json\/wp\/v2\/product"}],"about":[{"href":"https:\/\/www.hirtenberg-apotheke.at\/katalog\/wp-json\/wp\/v2\/types\/product"}],"wp:featuredmedia":[{"embeddable":true,"href":"https:\/\/www.hirtenberg-apotheke.at\/katalog\/wp-json\/wp\/v2\/media\/39554"}],"wp:attachment":[{"href":"https:\/\/www.hirtenberg-apotheke.at\/katalog\/wp-json\/wp\/v2\/media?parent=39552"}],"wp:term":[{"taxonomy":"product_brand","embeddable":true,"href":"https:\/\/www.hirtenberg-apotheke.at\/katalog\/wp-json\/wp\/v2\/product_brand?post=39552"},{"taxonomy":"product_cat","embeddable":true,"href":"https:\/\/www.hirtenberg-apotheke.at\/katalog\/wp-json\/wp\/v2\/product_cat?post=39552"},{"taxonomy":"product_tag","embeddable":true,"href":"https:\/\/www.hirtenberg-apotheke.at\/katalog\/wp-json\/wp\/v2\/product_tag?post=39552"}],"curies":[{"name":"wp","href":"https:\/\/api.w.org\/{rel}","templated":true}]}}