{"id":39585,"date":"2025-11-26T07:39:55","date_gmt":"2025-11-26T06:39:55","guid":{"rendered":"https:\/\/www.hirtenberg-apotheke.at\/katalog\/produkt\/pure-encapsulations-calcium-mcha-90-stk\/"},"modified":"2025-11-26T07:44:38","modified_gmt":"2025-11-26T06:44:38","slug":"pure-encapsulations-calcium-mcha-90-stk","status":"publish","type":"product","link":"https:\/\/www.hirtenberg-apotheke.at\/katalog\/produkt\/pure-encapsulations-calcium-mcha-90-stk\/","title":{"rendered":"Pure Encapsulations Calcium MCHA 90 Stk."},"content":{"rendered":"<p>Pure Encapsulations Calcium Mcha 90 Stk.: Calcium ist der am h\u00e4ufigsten vertretene Mineralstoff im menschlichen K\u00f6rper und wird zu 99% im Skelett gespeichert. MicroCristalliner HydroxylApatit (MCHA) ist nat\u00fcrlichen Ursprungs und reich an Calcium. Da er aus Rinderknochen gewonnen wird, enth\u00e4lt er weitere Bestandteile (Mineralstoffe, Proteine, Matrixbestandteile und Glycosaminoglykane), welche die Einlagerung des Calciums in die Knochenstruktur unterst\u00fctzen k\u00f6nnen. Besonders mit fortgeschrittenem Lebensalter ist eine ausreichende Zufuhr von Calcium wichtig<\/p>\n","protected":false},"excerpt":{"rendered":"<p>Pure Encapsulations Calcium Mcha 90 Stk.: Calcium ist der am h\u00e4ufigsten vertretene Mineralstoff im menschlichen K\u00f6rper und wird zu 99% im Skelett gespeichert. MicroCristalliner HydroxylApatit (MCHA) ist nat\u00fcrlichen Ursprungs und reich an Calcium. Da er aus Rinderknochen gewonnen wird, enth\u00e4lt er weitere Bestandteile (Mineralstoffe, Proteine, Matrixbestandteile und Glycosaminoglykane), welche die Einlagerung des Calciums in die [&hellip;]<\/p>\n","protected":false},"featured_media":39587,"template":"","meta":{"_acf_changed":false},"product_brand":[1033],"product_cat":[302],"product_tag":[],"class_list":{"0":"post-39585","1":"product","2":"type-product","3":"status-publish","4":"has-post-thumbnail","6":"product_brand-pure-encapsulations","7":"product_cat-p","8":"pa_packungsgroesse-180-stueck","9":"pa_packungsgroesse-90-stueck","11":"first","12":"instock","13":"shipping-taxable","14":"purchasable","15":"product-type-simple"},"acf":[],"_links":{"self":[{"href":"https:\/\/www.hirtenberg-apotheke.at\/katalog\/wp-json\/wp\/v2\/product\/39585","targetHints":{"allow":["GET"]}}],"collection":[{"href":"https:\/\/www.hirtenberg-apotheke.at\/katalog\/wp-json\/wp\/v2\/product"}],"about":[{"href":"https:\/\/www.hirtenberg-apotheke.at\/katalog\/wp-json\/wp\/v2\/types\/product"}],"wp:featuredmedia":[{"embeddable":true,"href":"https:\/\/www.hirtenberg-apotheke.at\/katalog\/wp-json\/wp\/v2\/media\/39587"}],"wp:attachment":[{"href":"https:\/\/www.hirtenberg-apotheke.at\/katalog\/wp-json\/wp\/v2\/media?parent=39585"}],"wp:term":[{"taxonomy":"product_brand","embeddable":true,"href":"https:\/\/www.hirtenberg-apotheke.at\/katalog\/wp-json\/wp\/v2\/product_brand?post=39585"},{"taxonomy":"product_cat","embeddable":true,"href":"https:\/\/www.hirtenberg-apotheke.at\/katalog\/wp-json\/wp\/v2\/product_cat?post=39585"},{"taxonomy":"product_tag","embeddable":true,"href":"https:\/\/www.hirtenberg-apotheke.at\/katalog\/wp-json\/wp\/v2\/product_tag?post=39585"}],"curies":[{"name":"wp","href":"https:\/\/api.w.org\/{rel}","templated":true}]}}