{"id":39594,"date":"2025-11-26T07:40:26","date_gmt":"2025-11-26T06:40:26","guid":{"rendered":"https:\/\/www.hirtenberg-apotheke.at\/katalog\/produkt\/espara-eisen-kapseln-plus-kupfer-vitamine-60-stk\/"},"modified":"2025-11-26T07:40:33","modified_gmt":"2025-11-26T06:40:33","slug":"espara-eisen-kapseln-plus-kupfer-vitamine-60-stk","status":"publish","type":"product","link":"https:\/\/www.hirtenberg-apotheke.at\/katalog\/produkt\/espara-eisen-kapseln-plus-kupfer-vitamine-60-stk\/","title":{"rendered":"Espara Eisen Kapseln plus Kupfer &#038; Vitamine 60 Stk."},"content":{"rendered":"<p>Espara Eisen Kapseln mit Vitamin sind ein Nahrungserg\u00e4nzungsmittel mit Mineralstoffen und Vitaminen. Eisen tr\u00e4gt zur normalen Bildung von roten Blutk\u00f6rperchen und dem roten Blutfarbstoff H\u00e4moglobin bei. Au\u00dferdem unterst\u00fctzt es die normale Funktion des Immunsystems. Vitamin C erh\u00f6ht die Eisenaufnahme. B- Vitamine und Fols\u00e4ure tragen zur normalen Bildung roter Blutk\u00f6rperchen bei und Kupfer unterst\u00fctzt den Eisentransport im K\u00f6rper.<\/p>\n","protected":false},"excerpt":{"rendered":"<p>Espara Eisen Kapseln mit Vitamin sind ein Nahrungserg\u00e4nzungsmittel mit Mineralstoffen und Vitaminen. Eisen tr\u00e4gt zur normalen Bildung von roten Blutk\u00f6rperchen und dem roten Blutfarbstoff H\u00e4moglobin bei. Au\u00dferdem unterst\u00fctzt es die normale Funktion des Immunsystems. Vitamin C erh\u00f6ht die Eisenaufnahme. B- Vitamine und Fols\u00e4ure tragen zur normalen Bildung roter Blutk\u00f6rperchen bei und Kupfer unterst\u00fctzt den Eisentransport [&hellip;]<\/p>\n","protected":false},"featured_media":0,"template":"","meta":{"_acf_changed":false},"product_brand":[341],"product_cat":[307],"product_tag":[],"class_list":{"0":"post-39594","1":"product","2":"type-product","3":"status-publish","5":"product_brand-espara","6":"product_cat-e","7":"pa_packungsgroesse-60-stueck","9":"first","10":"instock","11":"shipping-taxable","12":"purchasable","13":"product-type-simple"},"acf":[],"_links":{"self":[{"href":"https:\/\/www.hirtenberg-apotheke.at\/katalog\/wp-json\/wp\/v2\/product\/39594","targetHints":{"allow":["GET"]}}],"collection":[{"href":"https:\/\/www.hirtenberg-apotheke.at\/katalog\/wp-json\/wp\/v2\/product"}],"about":[{"href":"https:\/\/www.hirtenberg-apotheke.at\/katalog\/wp-json\/wp\/v2\/types\/product"}],"wp:attachment":[{"href":"https:\/\/www.hirtenberg-apotheke.at\/katalog\/wp-json\/wp\/v2\/media?parent=39594"}],"wp:term":[{"taxonomy":"product_brand","embeddable":true,"href":"https:\/\/www.hirtenberg-apotheke.at\/katalog\/wp-json\/wp\/v2\/product_brand?post=39594"},{"taxonomy":"product_cat","embeddable":true,"href":"https:\/\/www.hirtenberg-apotheke.at\/katalog\/wp-json\/wp\/v2\/product_cat?post=39594"},{"taxonomy":"product_tag","embeddable":true,"href":"https:\/\/www.hirtenberg-apotheke.at\/katalog\/wp-json\/wp\/v2\/product_tag?post=39594"}],"curies":[{"name":"wp","href":"https:\/\/api.w.org\/{rel}","templated":true}]}}