{"id":39704,"date":"2025-11-26T07:42:31","date_gmt":"2025-11-26T06:42:31","guid":{"rendered":"https:\/\/www.hirtenberg-apotheke.at\/katalog\/produkt\/life-light-magnesium-150-mg-kapseln-60-stk\/"},"modified":"2025-11-26T07:42:49","modified_gmt":"2025-11-26T06:42:49","slug":"life-light-magnesium-150-mg-kapseln-60-stk","status":"publish","type":"product","link":"https:\/\/www.hirtenberg-apotheke.at\/katalog\/produkt\/life-light-magnesium-150-mg-kapseln-60-stk\/","title":{"rendered":"Life Light Magnesium 150 mg Kapseln 60 Stk."},"content":{"rendered":"<p>Life Light Magnesium 150 mg Kapseln tragen zu einem normalen Energiestoffwechsel bei und haben eine Funktion bei der Zellteilung. Zus\u00e4tzlich tr\u00e4gt Magnesium zur Erhaltung normaler Knochen, normaler Z\u00e4hne und zu einer normalen Muskelfunktion bei. Magnesium leistet einen Beitrag zur normalen psychischen Funktion und einer normalen Funktion des Nervensystems &#8211; jetzt online bestellen  durch GRATIS Lieferung* bares Geld sparen!<\/p>\n","protected":false},"excerpt":{"rendered":"<p>Life Light Magnesium 150 mg Kapseln tragen zu einem normalen Energiestoffwechsel bei und haben eine Funktion bei der Zellteilung. Zus\u00e4tzlich tr\u00e4gt Magnesium zur Erhaltung normaler Knochen, normaler Z\u00e4hne und zu einer normalen Muskelfunktion bei. Magnesium leistet einen Beitrag zur normalen psychischen Funktion und einer normalen Funktion des Nervensystems &#8211; jetzt online bestellen durch GRATIS Lieferung* [&hellip;]<\/p>\n","protected":false},"featured_media":0,"template":"","meta":{"_acf_changed":false},"product_brand":[],"product_cat":[317],"product_tag":[],"class_list":{"0":"post-39704","1":"product","2":"type-product","3":"status-publish","5":"product_cat-l","6":"pa_packungsgroesse-60-stueck","8":"first","9":"instock","10":"shipping-taxable","11":"purchasable","12":"product-type-simple"},"acf":[],"_links":{"self":[{"href":"https:\/\/www.hirtenberg-apotheke.at\/katalog\/wp-json\/wp\/v2\/product\/39704","targetHints":{"allow":["GET"]}}],"collection":[{"href":"https:\/\/www.hirtenberg-apotheke.at\/katalog\/wp-json\/wp\/v2\/product"}],"about":[{"href":"https:\/\/www.hirtenberg-apotheke.at\/katalog\/wp-json\/wp\/v2\/types\/product"}],"wp:attachment":[{"href":"https:\/\/www.hirtenberg-apotheke.at\/katalog\/wp-json\/wp\/v2\/media?parent=39704"}],"wp:term":[{"taxonomy":"product_brand","embeddable":true,"href":"https:\/\/www.hirtenberg-apotheke.at\/katalog\/wp-json\/wp\/v2\/product_brand?post=39704"},{"taxonomy":"product_cat","embeddable":true,"href":"https:\/\/www.hirtenberg-apotheke.at\/katalog\/wp-json\/wp\/v2\/product_cat?post=39704"},{"taxonomy":"product_tag","embeddable":true,"href":"https:\/\/www.hirtenberg-apotheke.at\/katalog\/wp-json\/wp\/v2\/product_tag?post=39704"}],"curies":[{"name":"wp","href":"https:\/\/api.w.org\/{rel}","templated":true}]}}