{"id":39715,"date":"2025-11-26T07:42:48","date_gmt":"2025-11-26T06:42:48","guid":{"rendered":"https:\/\/www.hirtenberg-apotheke.at\/katalog\/produkt\/dolomit-natuerliches-basen-pulver-100-g\/"},"modified":"2025-11-26T07:43:01","modified_gmt":"2025-11-26T06:43:01","slug":"dolomit-natuerliches-basen-pulver-100-g","status":"publish","type":"product","link":"https:\/\/www.hirtenberg-apotheke.at\/katalog\/produkt\/dolomit-natuerliches-basen-pulver-100-g\/","title":{"rendered":"Dolomit Nat\u00fcrliches Basen Pulver 100 g"},"content":{"rendered":"<p>UrkornHof Dolomit Pulver ist ein rein nat\u00fcrliches Nahrungserg\u00e4nzungsmittel, welches den Kalzium- und Magnesiumhaushalt des K\u00f6rpers regeneriert und stabil h\u00e4lt. Das Dolomit Pulver ist frei von jeglichen chemischen Zus\u00e4tzen oder Konservierungsmitteln. UrkornHof Dolomit Pulver nutzt die reichen Magnesium- und Kalziumquellen der Dolomiten um den K\u00f6rper mit eben diesen Spurenelementen zu versorgen. Es ist bekannt, dass Kalzium wichtig f\u00fcr den Aufbau und Erhalt gesunder Knochen und starker Z\u00e4hne ist. Ein Mangel kann daher den Bewegungsapparat des K\u00f6rpers einschr\u00e4nken und eine Neigung zu Zahnschmerzen beg\u00fcnstigen. Auch Magnesium hat viele wichtige Funktionen im K\u00f6rper. So laufen viele zellbiologische Prozesse in unserem K\u00f6rper nur mit Magnesium richtig ab. Auch der Kohlenstoffwechsel und der Kalziummetabolismus ben\u00f6tigen Magnesium. UrkornHof Dolomit Pulver versorgt daher den K\u00f6rper mit den beiden essentiellen Spurenelementen umso fit und gesund zu bleiben..<\/p>\n","protected":false},"excerpt":{"rendered":"<p>UrkornHof Dolomit Pulver ist ein rein nat\u00fcrliches Nahrungserg\u00e4nzungsmittel, welches den Kalzium- und Magnesiumhaushalt des K\u00f6rpers regeneriert und stabil h\u00e4lt. Das Dolomit Pulver ist frei von jeglichen chemischen Zus\u00e4tzen oder Konservierungsmitteln. UrkornHof Dolomit Pulver nutzt die reichen Magnesium- und Kalziumquellen der Dolomiten um den K\u00f6rper mit eben diesen Spurenelementen zu versorgen. Es ist bekannt, dass Kalzium [&hellip;]<\/p>\n","protected":false},"featured_media":39717,"template":"","meta":{"_acf_changed":false},"product_brand":[],"product_cat":[295],"product_tag":[],"class_list":{"0":"post-39715","1":"product","2":"type-product","3":"status-publish","4":"has-post-thumbnail","6":"product_cat-d","7":"pa_packungsgroesse-100g","9":"first","10":"instock","11":"shipping-taxable","12":"purchasable","13":"product-type-simple"},"acf":[],"_links":{"self":[{"href":"https:\/\/www.hirtenberg-apotheke.at\/katalog\/wp-json\/wp\/v2\/product\/39715","targetHints":{"allow":["GET"]}}],"collection":[{"href":"https:\/\/www.hirtenberg-apotheke.at\/katalog\/wp-json\/wp\/v2\/product"}],"about":[{"href":"https:\/\/www.hirtenberg-apotheke.at\/katalog\/wp-json\/wp\/v2\/types\/product"}],"wp:featuredmedia":[{"embeddable":true,"href":"https:\/\/www.hirtenberg-apotheke.at\/katalog\/wp-json\/wp\/v2\/media\/39717"}],"wp:attachment":[{"href":"https:\/\/www.hirtenberg-apotheke.at\/katalog\/wp-json\/wp\/v2\/media?parent=39715"}],"wp:term":[{"taxonomy":"product_brand","embeddable":true,"href":"https:\/\/www.hirtenberg-apotheke.at\/katalog\/wp-json\/wp\/v2\/product_brand?post=39715"},{"taxonomy":"product_cat","embeddable":true,"href":"https:\/\/www.hirtenberg-apotheke.at\/katalog\/wp-json\/wp\/v2\/product_cat?post=39715"},{"taxonomy":"product_tag","embeddable":true,"href":"https:\/\/www.hirtenberg-apotheke.at\/katalog\/wp-json\/wp\/v2\/product_tag?post=39715"}],"curies":[{"name":"wp","href":"https:\/\/api.w.org\/{rel}","templated":true}]}}