{"id":39757,"date":"2025-11-26T07:43:27","date_gmt":"2025-11-26T06:43:27","guid":{"rendered":"https:\/\/www.hirtenberg-apotheke.at\/katalog\/produkt\/espara-ginseng-kapseln-60-stk\/"},"modified":"2025-11-26T07:43:53","modified_gmt":"2025-11-26T06:43:53","slug":"espara-ginseng-kapseln-60-stk","status":"publish","type":"product","link":"https:\/\/www.hirtenberg-apotheke.at\/katalog\/produkt\/espara-ginseng-kapseln-60-stk\/","title":{"rendered":"Espara Ginseng Kapseln 60 Stk."},"content":{"rendered":"<p>Espara Ginseng Kapseln + Lecithin sind ein Nahrungserg\u00e4nzungsmittel mit Ginseng in Kombination mit Vitamin E, Lecithin und Bl\u00fctenpollen. Ginseng ist ein wertvolles Kr\u00e4ftigungs- und St\u00e4rkungsmittel. Vitamin E tr\u00e4gt dazu bei, die Zelen vor oxidativem Stress zu sch\u00fctzen.<\/p>\n","protected":false},"excerpt":{"rendered":"<p>Espara Ginseng Kapseln + Lecithin sind ein Nahrungserg\u00e4nzungsmittel mit Ginseng in Kombination mit Vitamin E, Lecithin und Bl\u00fctenpollen. Ginseng ist ein wertvolles Kr\u00e4ftigungs- und St\u00e4rkungsmittel. Vitamin E tr\u00e4gt dazu bei, die Zelen vor oxidativem Stress zu sch\u00fctzen.<\/p>\n","protected":false},"featured_media":0,"template":"","meta":{"_acf_changed":false},"product_brand":[341],"product_cat":[307],"product_tag":[],"class_list":{"0":"post-39757","1":"product","2":"type-product","3":"status-publish","5":"product_brand-espara","6":"product_cat-e","7":"pa_packungsgroesse-60-stueck","9":"first","10":"instock","11":"shipping-taxable","12":"purchasable","13":"product-type-simple"},"acf":[],"_links":{"self":[{"href":"https:\/\/www.hirtenberg-apotheke.at\/katalog\/wp-json\/wp\/v2\/product\/39757","targetHints":{"allow":["GET"]}}],"collection":[{"href":"https:\/\/www.hirtenberg-apotheke.at\/katalog\/wp-json\/wp\/v2\/product"}],"about":[{"href":"https:\/\/www.hirtenberg-apotheke.at\/katalog\/wp-json\/wp\/v2\/types\/product"}],"wp:attachment":[{"href":"https:\/\/www.hirtenberg-apotheke.at\/katalog\/wp-json\/wp\/v2\/media?parent=39757"}],"wp:term":[{"taxonomy":"product_brand","embeddable":true,"href":"https:\/\/www.hirtenberg-apotheke.at\/katalog\/wp-json\/wp\/v2\/product_brand?post=39757"},{"taxonomy":"product_cat","embeddable":true,"href":"https:\/\/www.hirtenberg-apotheke.at\/katalog\/wp-json\/wp\/v2\/product_cat?post=39757"},{"taxonomy":"product_tag","embeddable":true,"href":"https:\/\/www.hirtenberg-apotheke.at\/katalog\/wp-json\/wp\/v2\/product_tag?post=39757"}],"curies":[{"name":"wp","href":"https:\/\/api.w.org\/{rel}","templated":true}]}}