{"id":39759,"date":"2025-11-26T07:43:27","date_gmt":"2025-11-26T06:43:27","guid":{"rendered":"https:\/\/www.hirtenberg-apotheke.at\/katalog\/produkt\/twardy-vitamin-b-komplex-kapseln-60-stk\/"},"modified":"2025-11-26T07:43:54","modified_gmt":"2025-11-26T06:43:54","slug":"twardy-vitamin-b-komplex-kapseln-60-stk","status":"publish","type":"product","link":"https:\/\/www.hirtenberg-apotheke.at\/katalog\/produkt\/twardy-vitamin-b-komplex-kapseln-60-stk\/","title":{"rendered":"Twardy Vitamin B-Komplex Kapseln 60 Stk."},"content":{"rendered":"<p>Twardy Vitamin B-Komplex Kapseln enth\u00e4lt eine ausgewogene Kombination aller acht B-Vitamine. Biotin, Niacin sowie die Vitamine B1, B2, B6 und B12 unterst\u00fctzen die normale Funktion des Nervensystems und tragen zusammen mit Pantothens\u00e4ure zum normalen Energiestoffwechsel bei.<\/p>\n","protected":false},"excerpt":{"rendered":"<p>Twardy Vitamin B-Komplex Kapseln enth\u00e4lt eine ausgewogene Kombination aller acht B-Vitamine. Biotin, Niacin sowie die Vitamine B1, B2, B6 und B12 unterst\u00fctzen die normale Funktion des Nervensystems und tragen zusammen mit Pantothens\u00e4ure zum normalen Energiestoffwechsel bei.<\/p>\n","protected":false},"featured_media":0,"template":"","meta":{"_acf_changed":false},"product_brand":[490],"product_cat":[319],"product_tag":[],"class_list":{"0":"post-39759","1":"product","2":"type-product","3":"status-publish","5":"product_brand-twardy","6":"product_cat-t","7":"pa_packungsgroesse-60-stueck","9":"first","10":"instock","11":"shipping-taxable","12":"purchasable","13":"product-type-simple"},"acf":[],"_links":{"self":[{"href":"https:\/\/www.hirtenberg-apotheke.at\/katalog\/wp-json\/wp\/v2\/product\/39759","targetHints":{"allow":["GET"]}}],"collection":[{"href":"https:\/\/www.hirtenberg-apotheke.at\/katalog\/wp-json\/wp\/v2\/product"}],"about":[{"href":"https:\/\/www.hirtenberg-apotheke.at\/katalog\/wp-json\/wp\/v2\/types\/product"}],"wp:attachment":[{"href":"https:\/\/www.hirtenberg-apotheke.at\/katalog\/wp-json\/wp\/v2\/media?parent=39759"}],"wp:term":[{"taxonomy":"product_brand","embeddable":true,"href":"https:\/\/www.hirtenberg-apotheke.at\/katalog\/wp-json\/wp\/v2\/product_brand?post=39759"},{"taxonomy":"product_cat","embeddable":true,"href":"https:\/\/www.hirtenberg-apotheke.at\/katalog\/wp-json\/wp\/v2\/product_cat?post=39759"},{"taxonomy":"product_tag","embeddable":true,"href":"https:\/\/www.hirtenberg-apotheke.at\/katalog\/wp-json\/wp\/v2\/product_tag?post=39759"}],"curies":[{"name":"wp","href":"https:\/\/api.w.org\/{rel}","templated":true}]}}