{"id":39770,"date":"2025-11-26T07:44:04","date_gmt":"2025-11-26T06:44:04","guid":{"rendered":"https:\/\/www.hirtenberg-apotheke.at\/katalog\/produkt\/seewald-kapseln-alpha-liponsre\/"},"modified":"2025-11-26T07:44:15","modified_gmt":"2025-11-26T06:44:15","slug":"seewald-kapseln-alpha-liponsre","status":"publish","type":"product","link":"https:\/\/www.hirtenberg-apotheke.at\/katalog\/produkt\/seewald-kapseln-alpha-liponsre\/","title":{"rendered":"Seewald Kapseln  ALPHA-LIPONSRE"},"content":{"rendered":"<p>Seewald Reishi Extrakt Kapseln enth\u00e4lt, wie der Name bereits sagt, Reishi, einen schirmf\u00f6rmigen Speisepilz, der als Jungbrunnen bekannt ist. Zus\u00e4tzliche enthalten die Kapseln Vitamin C, mit all seinen vielf\u00e4ltigen Eigenschaften.<\/p>\n","protected":false},"excerpt":{"rendered":"<p>Seewald Reishi Extrakt Kapseln enth\u00e4lt, wie der Name bereits sagt, Reishi, einen schirmf\u00f6rmigen Speisepilz, der als Jungbrunnen bekannt ist. Zus\u00e4tzliche enthalten die Kapseln Vitamin C, mit all seinen vielf\u00e4ltigen Eigenschaften.<\/p>\n","protected":false},"featured_media":39772,"template":"","meta":{"_acf_changed":false},"product_brand":[1057],"product_cat":[303],"product_tag":[],"class_list":{"0":"post-39770","1":"product","2":"type-product","3":"status-publish","4":"has-post-thumbnail","6":"product_brand-seewald","7":"product_cat-s","8":"pa_packungsgroesse-60-stueck","10":"first","11":"instock","12":"shipping-taxable","13":"purchasable","14":"product-type-simple"},"acf":[],"_links":{"self":[{"href":"https:\/\/www.hirtenberg-apotheke.at\/katalog\/wp-json\/wp\/v2\/product\/39770","targetHints":{"allow":["GET"]}}],"collection":[{"href":"https:\/\/www.hirtenberg-apotheke.at\/katalog\/wp-json\/wp\/v2\/product"}],"about":[{"href":"https:\/\/www.hirtenberg-apotheke.at\/katalog\/wp-json\/wp\/v2\/types\/product"}],"wp:featuredmedia":[{"embeddable":true,"href":"https:\/\/www.hirtenberg-apotheke.at\/katalog\/wp-json\/wp\/v2\/media\/39772"}],"wp:attachment":[{"href":"https:\/\/www.hirtenberg-apotheke.at\/katalog\/wp-json\/wp\/v2\/media?parent=39770"}],"wp:term":[{"taxonomy":"product_brand","embeddable":true,"href":"https:\/\/www.hirtenberg-apotheke.at\/katalog\/wp-json\/wp\/v2\/product_brand?post=39770"},{"taxonomy":"product_cat","embeddable":true,"href":"https:\/\/www.hirtenberg-apotheke.at\/katalog\/wp-json\/wp\/v2\/product_cat?post=39770"},{"taxonomy":"product_tag","embeddable":true,"href":"https:\/\/www.hirtenberg-apotheke.at\/katalog\/wp-json\/wp\/v2\/product_tag?post=39770"}],"curies":[{"name":"wp","href":"https:\/\/api.w.org\/{rel}","templated":true}]}}