{"id":39847,"date":"2025-11-26T07:45:39","date_gmt":"2025-11-26T06:45:39","guid":{"rendered":"https:\/\/www.hirtenberg-apotheke.at\/katalog\/produkt\/coenzym-q10-kapseln-100mg\/"},"modified":"2025-11-26T08:09:14","modified_gmt":"2025-11-26T07:09:14","slug":"coenzym-q10-kapseln-100mg","status":"publish","type":"product","link":"https:\/\/www.hirtenberg-apotheke.at\/katalog\/produkt\/coenzym-q10-kapseln-100mg\/","title":{"rendered":"Coenzym Q10 Kapseln 100mg"},"content":{"rendered":"<p>Gall Pharma Q10 Coenzym 100 mg Kapseln 60 Stk. enthalten 30 mg Coenzym Q-10 in einer Hartgelatinekapsel. Coenzym Q-10 ist das Anti-Aging Mittel schlechthin und wird von jeder Zelle unseres K\u00f6rpers ben\u00f6tigt, um die Energieversorgung sicherzustellen. Q10 aktiviert das Immunsystem, st\u00e4rkt das Herz und die Nerven und steigert sogar die Fettverbrennung.<\/p>\n","protected":false},"excerpt":{"rendered":"<p>Gall Pharma Q10 Coenzym 100 mg Kapseln 60 Stk. enthalten 30 mg Coenzym Q-10 in einer Hartgelatinekapsel. Coenzym Q-10 ist das Anti-Aging Mittel schlechthin und wird von jeder Zelle unseres K\u00f6rpers ben\u00f6tigt, um die Energieversorgung sicherzustellen. Q10 aktiviert das Immunsystem, st\u00e4rkt das Herz und die Nerven und steigert sogar die Fettverbrennung.<\/p>\n","protected":false},"featured_media":0,"template":"","meta":{"_acf_changed":false},"product_brand":[316],"product_cat":[337],"product_tag":[],"class_list":{"0":"post-39847","1":"product","2":"type-product","3":"status-publish","5":"product_brand-gall-pharma","6":"product_cat-c","7":"pa_packungsgroesse-60-stueck","8":"pa_packungsgroesse-180-stueck","10":"first","11":"instock","12":"shipping-taxable","13":"purchasable","14":"product-type-simple"},"acf":[],"_links":{"self":[{"href":"https:\/\/www.hirtenberg-apotheke.at\/katalog\/wp-json\/wp\/v2\/product\/39847","targetHints":{"allow":["GET"]}}],"collection":[{"href":"https:\/\/www.hirtenberg-apotheke.at\/katalog\/wp-json\/wp\/v2\/product"}],"about":[{"href":"https:\/\/www.hirtenberg-apotheke.at\/katalog\/wp-json\/wp\/v2\/types\/product"}],"wp:attachment":[{"href":"https:\/\/www.hirtenberg-apotheke.at\/katalog\/wp-json\/wp\/v2\/media?parent=39847"}],"wp:term":[{"taxonomy":"product_brand","embeddable":true,"href":"https:\/\/www.hirtenberg-apotheke.at\/katalog\/wp-json\/wp\/v2\/product_brand?post=39847"},{"taxonomy":"product_cat","embeddable":true,"href":"https:\/\/www.hirtenberg-apotheke.at\/katalog\/wp-json\/wp\/v2\/product_cat?post=39847"},{"taxonomy":"product_tag","embeddable":true,"href":"https:\/\/www.hirtenberg-apotheke.at\/katalog\/wp-json\/wp\/v2\/product_tag?post=39847"}],"curies":[{"name":"wp","href":"https:\/\/api.w.org\/{rel}","templated":true}]}}