{"id":39858,"date":"2025-11-26T07:45:39","date_gmt":"2025-11-26T06:45:39","guid":{"rendered":"https:\/\/www.hirtenberg-apotheke.at\/katalog\/produkt\/vitamin-c-ceroletten-lutschtabletten\/"},"modified":"2025-11-26T07:48:36","modified_gmt":"2025-11-26T06:48:36","slug":"vitamin-c-ceroletten-lutschtabletten","status":"publish","type":"product","link":"https:\/\/www.hirtenberg-apotheke.at\/katalog\/produkt\/vitamin-c-ceroletten-lutschtabletten\/","title":{"rendered":"Vitamin C Ceroletten Lutschtabletten"},"content":{"rendered":"<p>Vitamin C Ceroletten Lutschtabletten leisten einen Beitrag zu einem funktionierenden Immunsystem und Nervensystem, zum Schutz der Zellbestandteile vor oxidativen Sch\u00e4den, zum normalen Energie-Stoffwechsel und kann zur Verminderung von M\u00fcdigkeit und Erm\u00fcdung beitragen \u2013 alle Produkte von Synpharma preisg\u00fcnstig bestellen!<\/p>\n","protected":false},"excerpt":{"rendered":"<p>Vitamin C Ceroletten Lutschtabletten leisten einen Beitrag zu einem funktionierenden Immunsystem und Nervensystem, zum Schutz der Zellbestandteile vor oxidativen Sch\u00e4den, zum normalen Energie-Stoffwechsel und kann zur Verminderung von M\u00fcdigkeit und Erm\u00fcdung beitragen \u2013 alle Produkte von Synpharma preisg\u00fcnstig bestellen!<\/p>\n","protected":false},"featured_media":0,"template":"","meta":{"_acf_changed":false},"product_brand":[594],"product_cat":[300],"product_tag":[],"class_list":{"0":"post-39858","1":"product","2":"type-product","3":"status-publish","5":"product_brand-dr-grandel","6":"product_cat-v","7":"pa_packungsgroesse-40-stueck","8":"pa_packungsgroesse-100-stueck","10":"first","11":"instock","12":"shipping-taxable","13":"purchasable","14":"product-type-simple"},"acf":[],"_links":{"self":[{"href":"https:\/\/www.hirtenberg-apotheke.at\/katalog\/wp-json\/wp\/v2\/product\/39858","targetHints":{"allow":["GET"]}}],"collection":[{"href":"https:\/\/www.hirtenberg-apotheke.at\/katalog\/wp-json\/wp\/v2\/product"}],"about":[{"href":"https:\/\/www.hirtenberg-apotheke.at\/katalog\/wp-json\/wp\/v2\/types\/product"}],"wp:attachment":[{"href":"https:\/\/www.hirtenberg-apotheke.at\/katalog\/wp-json\/wp\/v2\/media?parent=39858"}],"wp:term":[{"taxonomy":"product_brand","embeddable":true,"href":"https:\/\/www.hirtenberg-apotheke.at\/katalog\/wp-json\/wp\/v2\/product_brand?post=39858"},{"taxonomy":"product_cat","embeddable":true,"href":"https:\/\/www.hirtenberg-apotheke.at\/katalog\/wp-json\/wp\/v2\/product_cat?post=39858"},{"taxonomy":"product_tag","embeddable":true,"href":"https:\/\/www.hirtenberg-apotheke.at\/katalog\/wp-json\/wp\/v2\/product_tag?post=39858"}],"curies":[{"name":"wp","href":"https:\/\/api.w.org\/{rel}","templated":true}]}}