{"id":39901,"date":"2025-11-26T07:46:28","date_gmt":"2025-11-26T06:46:28","guid":{"rendered":"https:\/\/www.hirtenberg-apotheke.at\/katalog\/produkt\/l-tyrosin-500mg-kapseln\/"},"modified":"2025-11-26T08:05:21","modified_gmt":"2025-11-26T07:05:21","slug":"l-tyrosin-500mg-kapseln","status":"publish","type":"product","link":"https:\/\/www.hirtenberg-apotheke.at\/katalog\/produkt\/l-tyrosin-500mg-kapseln\/","title":{"rendered":"L &#8211; Tyrosin 500mg Kapseln"},"content":{"rendered":"<p>Gall Pharma L-Tyrosin 500 mg Kapseln enthalten 500 mg L-Tyrosin in einer Hartgelatinekapsel. L-Tyrosin ist Ausgangsmaterial bzw. Vorstufe wichtiger Stoffe im K\u00f6rper. So unterst\u00fctzt L-Tyrosin die nat\u00fcrliche Adrenalinproduktion.<\/p>\n","protected":false},"excerpt":{"rendered":"<p>Gall Pharma L-Tyrosin 500 mg Kapseln enthalten 500 mg L-Tyrosin in einer Hartgelatinekapsel. L-Tyrosin ist Ausgangsmaterial bzw. Vorstufe wichtiger Stoffe im K\u00f6rper. So unterst\u00fctzt L-Tyrosin die nat\u00fcrliche Adrenalinproduktion.<\/p>\n","protected":false},"featured_media":0,"template":"","meta":{"_acf_changed":false},"product_brand":[316],"product_cat":[317],"product_tag":[],"class_list":{"0":"post-39901","1":"product","2":"type-product","3":"status-publish","5":"product_brand-gall-pharma","6":"product_cat-l","7":"pa_packungsgroesse-50-stueck","8":"pa_packungsgroesse-100-stueck","10":"first","11":"instock","12":"shipping-taxable","13":"purchasable","14":"product-type-simple"},"acf":[],"_links":{"self":[{"href":"https:\/\/www.hirtenberg-apotheke.at\/katalog\/wp-json\/wp\/v2\/product\/39901","targetHints":{"allow":["GET"]}}],"collection":[{"href":"https:\/\/www.hirtenberg-apotheke.at\/katalog\/wp-json\/wp\/v2\/product"}],"about":[{"href":"https:\/\/www.hirtenberg-apotheke.at\/katalog\/wp-json\/wp\/v2\/types\/product"}],"wp:attachment":[{"href":"https:\/\/www.hirtenberg-apotheke.at\/katalog\/wp-json\/wp\/v2\/media?parent=39901"}],"wp:term":[{"taxonomy":"product_brand","embeddable":true,"href":"https:\/\/www.hirtenberg-apotheke.at\/katalog\/wp-json\/wp\/v2\/product_brand?post=39901"},{"taxonomy":"product_cat","embeddable":true,"href":"https:\/\/www.hirtenberg-apotheke.at\/katalog\/wp-json\/wp\/v2\/product_cat?post=39901"},{"taxonomy":"product_tag","embeddable":true,"href":"https:\/\/www.hirtenberg-apotheke.at\/katalog\/wp-json\/wp\/v2\/product_tag?post=39901"}],"curies":[{"name":"wp","href":"https:\/\/api.w.org\/{rel}","templated":true}]}}