{"id":39903,"date":"2025-11-26T07:46:28","date_gmt":"2025-11-26T06:46:28","guid":{"rendered":"https:\/\/www.hirtenberg-apotheke.at\/katalog\/produkt\/terrakraft-trinkextrakt-1-l\/"},"modified":"2025-11-26T07:46:51","modified_gmt":"2025-11-26T06:46:51","slug":"terrakraft-trinkextrakt-1-l","status":"publish","type":"product","link":"https:\/\/www.hirtenberg-apotheke.at\/katalog\/produkt\/terrakraft-trinkextrakt-1-l\/","title":{"rendered":"Terrakraft Trinkextrakt 1 L"},"content":{"rendered":"<p>Terrakraft Trinkextrakt wirkt u.a. entz\u00fcndungshemmend, schmerzstillend, juckreizstillend, k\u00fchlend, reinigend, antiallergisch und vieles mehr. Sehr gut geeignet bei praktisch allen Hauterkrankungen, Entz\u00fcndungen (auch Gelenkentz\u00fcndungen), Magen- und Darmerkrankungen.<\/p>\n","protected":false},"excerpt":{"rendered":"<p>Terrakraft Trinkextrakt wirkt u.a. entz\u00fcndungshemmend, schmerzstillend, juckreizstillend, k\u00fchlend, reinigend, antiallergisch und vieles mehr. Sehr gut geeignet bei praktisch allen Hauterkrankungen, Entz\u00fcndungen (auch Gelenkentz\u00fcndungen), Magen- und Darmerkrankungen.<\/p>\n","protected":false},"featured_media":0,"template":"","meta":{"_acf_changed":false},"product_brand":[],"product_cat":[319],"product_tag":[],"class_list":{"0":"post-39903","1":"product","2":"type-product","3":"status-publish","5":"product_cat-t","6":"pa_packungsgroesse-1l","8":"first","9":"instock","10":"shipping-taxable","11":"purchasable","12":"product-type-simple"},"acf":[],"_links":{"self":[{"href":"https:\/\/www.hirtenberg-apotheke.at\/katalog\/wp-json\/wp\/v2\/product\/39903","targetHints":{"allow":["GET"]}}],"collection":[{"href":"https:\/\/www.hirtenberg-apotheke.at\/katalog\/wp-json\/wp\/v2\/product"}],"about":[{"href":"https:\/\/www.hirtenberg-apotheke.at\/katalog\/wp-json\/wp\/v2\/types\/product"}],"wp:attachment":[{"href":"https:\/\/www.hirtenberg-apotheke.at\/katalog\/wp-json\/wp\/v2\/media?parent=39903"}],"wp:term":[{"taxonomy":"product_brand","embeddable":true,"href":"https:\/\/www.hirtenberg-apotheke.at\/katalog\/wp-json\/wp\/v2\/product_brand?post=39903"},{"taxonomy":"product_cat","embeddable":true,"href":"https:\/\/www.hirtenberg-apotheke.at\/katalog\/wp-json\/wp\/v2\/product_cat?post=39903"},{"taxonomy":"product_tag","embeddable":true,"href":"https:\/\/www.hirtenberg-apotheke.at\/katalog\/wp-json\/wp\/v2\/product_tag?post=39903"}],"curies":[{"name":"wp","href":"https:\/\/api.w.org\/{rel}","templated":true}]}}