{"id":40008,"date":"2025-11-26T07:48:33","date_gmt":"2025-11-26T06:48:33","guid":{"rendered":"https:\/\/www.hirtenberg-apotheke.at\/katalog\/produkt\/centrum-capletten-fuer-sie-50-60-stk\/"},"modified":"2025-11-26T07:48:58","modified_gmt":"2025-11-26T06:48:58","slug":"centrum-capletten-fuer-sie-50-60-stk","status":"publish","type":"product","link":"https:\/\/www.hirtenberg-apotheke.at\/katalog\/produkt\/centrum-capletten-fuer-sie-50-60-stk\/","title":{"rendered":"Centrum Capletten f\u00fcr Sie 50 + 60 Stk."},"content":{"rendered":"<p>Centrum F\u00fcr Sie 50+ wurde an die N\u00e4hrstoffbed\u00fcrfnisse von Frauen \u00fcber 50 angepasst. Es leistet einen wertvollen Beitrag an wichtigen Vitaminen, Mineralstoffen und Spurenelementen, um ihre Ern\u00e4hrung optimal zu erg\u00e4nzen. Besonders die N\u00e4hrstoffe Kalzium, Vitamin D und Eisen spielen eine gro\u00dfe Rolle bei der Erhaltung der K\u00f6rperfunktionen von Frauen. Centrum F\u00fcr Sie 50+ mit der Frauen Gesundheitsformel: Kalzium und Vitamin D sind wichtig f\u00fcr den Erhalt der Knochen. Eine ausreichende Eisenzufuhr ist notwendig f\u00fcr die Bildung roter Blutk\u00f6rperchen.<\/p>\n","protected":false},"excerpt":{"rendered":"<p>Centrum F\u00fcr Sie 50+ wurde an die N\u00e4hrstoffbed\u00fcrfnisse von Frauen \u00fcber 50 angepasst. Es leistet einen wertvollen Beitrag an wichtigen Vitaminen, Mineralstoffen und Spurenelementen, um ihre Ern\u00e4hrung optimal zu erg\u00e4nzen. Besonders die N\u00e4hrstoffe Kalzium, Vitamin D und Eisen spielen eine gro\u00dfe Rolle bei der Erhaltung der K\u00f6rperfunktionen von Frauen. Centrum F\u00fcr Sie 50+ mit der [&hellip;]<\/p>\n","protected":false},"featured_media":40010,"template":"","meta":{"_acf_changed":false},"product_brand":[1042],"product_cat":[337],"product_tag":[],"class_list":{"0":"post-40008","1":"product","2":"type-product","3":"status-publish","4":"has-post-thumbnail","6":"product_brand-centrum","7":"product_cat-c","8":"pa_packungsgroesse-60-stueck","10":"first","11":"instock","12":"shipping-taxable","13":"purchasable","14":"product-type-simple"},"acf":[],"_links":{"self":[{"href":"https:\/\/www.hirtenberg-apotheke.at\/katalog\/wp-json\/wp\/v2\/product\/40008","targetHints":{"allow":["GET"]}}],"collection":[{"href":"https:\/\/www.hirtenberg-apotheke.at\/katalog\/wp-json\/wp\/v2\/product"}],"about":[{"href":"https:\/\/www.hirtenberg-apotheke.at\/katalog\/wp-json\/wp\/v2\/types\/product"}],"wp:featuredmedia":[{"embeddable":true,"href":"https:\/\/www.hirtenberg-apotheke.at\/katalog\/wp-json\/wp\/v2\/media\/40010"}],"wp:attachment":[{"href":"https:\/\/www.hirtenberg-apotheke.at\/katalog\/wp-json\/wp\/v2\/media?parent=40008"}],"wp:term":[{"taxonomy":"product_brand","embeddable":true,"href":"https:\/\/www.hirtenberg-apotheke.at\/katalog\/wp-json\/wp\/v2\/product_brand?post=40008"},{"taxonomy":"product_cat","embeddable":true,"href":"https:\/\/www.hirtenberg-apotheke.at\/katalog\/wp-json\/wp\/v2\/product_cat?post=40008"},{"taxonomy":"product_tag","embeddable":true,"href":"https:\/\/www.hirtenberg-apotheke.at\/katalog\/wp-json\/wp\/v2\/product_tag?post=40008"}],"curies":[{"name":"wp","href":"https:\/\/api.w.org\/{rel}","templated":true}]}}