{"id":40017,"date":"2025-11-26T07:48:33","date_gmt":"2025-11-26T06:48:33","guid":{"rendered":"https:\/\/www.hirtenberg-apotheke.at\/katalog\/produkt\/gall-pharma-benfotiamin-300-mg-kapseln-30-stk\/"},"modified":"2025-11-26T07:49:09","modified_gmt":"2025-11-26T06:49:09","slug":"gall-pharma-benfotiamin-300-mg-kapseln-30-stk","status":"publish","type":"product","link":"https:\/\/www.hirtenberg-apotheke.at\/katalog\/produkt\/gall-pharma-benfotiamin-300-mg-kapseln-30-stk\/","title":{"rendered":"Gall Pharma Benfotiamin 300 mg Kapseln 30 Stk."},"content":{"rendered":"<p>Benfotiamin ist die fettl\u00f6sliche Vorstufe des Thiamins (= Vitamin B1). Das fettl\u00f6sliche Benfotiamin zeichnet sich durch eine deutlich bessere Bioverf\u00fcgbarkeit gegen\u00fcber dem wasserl\u00f6slichen Thiamin aus. Im Organismus wird das Benfotiamin rasch zum Vitamin B1 umgewandelt. Durch die effektivere Aufnahme kann ein Vitamin B1 Mangel durch Benfotiamin rascher ausgeglichen werden als durch die wasserl\u00f6sliche Variante. Bei einem gest\u00f6rten Zuckerstoffwechsel ist es sinnvoll den Thiamin-Spiegel im Blut \u00fcberpr\u00fcfen zu lassen. Benfotiamin ist eine Verbindung aus der Familie der Allithiamine, die in Gem\u00fcsesorten wie Knoblauch, Zwiebel, Porree und Schalotten enthalten sind.<\/p>\n","protected":false},"excerpt":{"rendered":"<p>Benfotiamin ist die fettl\u00f6sliche Vorstufe des Thiamins (= Vitamin B1). Das fettl\u00f6sliche Benfotiamin zeichnet sich durch eine deutlich bessere Bioverf\u00fcgbarkeit gegen\u00fcber dem wasserl\u00f6slichen Thiamin aus. Im Organismus wird das Benfotiamin rasch zum Vitamin B1 umgewandelt. Durch die effektivere Aufnahme kann ein Vitamin B1 Mangel durch Benfotiamin rascher ausgeglichen werden als durch die wasserl\u00f6sliche Variante. Bei [&hellip;]<\/p>\n","protected":false},"featured_media":40019,"template":"","meta":{"_acf_changed":false},"product_brand":[316],"product_cat":[328],"product_tag":[],"class_list":{"0":"post-40017","1":"product","2":"type-product","3":"status-publish","4":"has-post-thumbnail","6":"product_brand-gall-pharma","7":"product_cat-g","8":"pa_packungsgroesse-30-stueck","10":"first","11":"instock","12":"shipping-taxable","13":"purchasable","14":"product-type-simple"},"acf":[],"_links":{"self":[{"href":"https:\/\/www.hirtenberg-apotheke.at\/katalog\/wp-json\/wp\/v2\/product\/40017","targetHints":{"allow":["GET"]}}],"collection":[{"href":"https:\/\/www.hirtenberg-apotheke.at\/katalog\/wp-json\/wp\/v2\/product"}],"about":[{"href":"https:\/\/www.hirtenberg-apotheke.at\/katalog\/wp-json\/wp\/v2\/types\/product"}],"wp:featuredmedia":[{"embeddable":true,"href":"https:\/\/www.hirtenberg-apotheke.at\/katalog\/wp-json\/wp\/v2\/media\/40019"}],"wp:attachment":[{"href":"https:\/\/www.hirtenberg-apotheke.at\/katalog\/wp-json\/wp\/v2\/media?parent=40017"}],"wp:term":[{"taxonomy":"product_brand","embeddable":true,"href":"https:\/\/www.hirtenberg-apotheke.at\/katalog\/wp-json\/wp\/v2\/product_brand?post=40017"},{"taxonomy":"product_cat","embeddable":true,"href":"https:\/\/www.hirtenberg-apotheke.at\/katalog\/wp-json\/wp\/v2\/product_cat?post=40017"},{"taxonomy":"product_tag","embeddable":true,"href":"https:\/\/www.hirtenberg-apotheke.at\/katalog\/wp-json\/wp\/v2\/product_tag?post=40017"}],"curies":[{"name":"wp","href":"https:\/\/api.w.org\/{rel}","templated":true}]}}