{"id":40026,"date":"2025-11-26T07:49:08","date_gmt":"2025-11-26T06:49:08","guid":{"rendered":"https:\/\/www.hirtenberg-apotheke.at\/katalog\/produkt\/espara-vitamin-d-tropfen-15-ml\/"},"modified":"2025-11-26T07:49:18","modified_gmt":"2025-11-26T06:49:18","slug":"espara-vitamin-d-tropfen-15-ml","status":"publish","type":"product","link":"https:\/\/www.hirtenberg-apotheke.at\/katalog\/produkt\/espara-vitamin-d-tropfen-15-ml\/","title":{"rendered":"Espara Vitamin D Tropfen 15 ml"},"content":{"rendered":"<p>Nahrungserg\u00e4nzungsmittel mit Vitamin D3. Vitamin D tr\u00e4gt zu einer normalen Aufnahme und Verwertung von Calcium und Phosphor, zur Erhaltung normaler Knochen und Z\u00e4hne als auch zur Erhaltung der normalen Muskel- und Immunfunktion bei.<\/p>\n","protected":false},"excerpt":{"rendered":"<p>Nahrungserg\u00e4nzungsmittel mit Vitamin D3. Vitamin D tr\u00e4gt zu einer normalen Aufnahme und Verwertung von Calcium und Phosphor, zur Erhaltung normaler Knochen und Z\u00e4hne als auch zur Erhaltung der normalen Muskel- und Immunfunktion bei.<\/p>\n","protected":false},"featured_media":40028,"template":"","meta":{"_acf_changed":false},"product_brand":[341],"product_cat":[307],"product_tag":[],"class_list":{"0":"post-40026","1":"product","2":"type-product","3":"status-publish","4":"has-post-thumbnail","6":"product_brand-espara","7":"product_cat-e","8":"pa_packungsgroesse-15ml","10":"first","11":"instock","12":"shipping-taxable","13":"purchasable","14":"product-type-simple"},"acf":[],"_links":{"self":[{"href":"https:\/\/www.hirtenberg-apotheke.at\/katalog\/wp-json\/wp\/v2\/product\/40026","targetHints":{"allow":["GET"]}}],"collection":[{"href":"https:\/\/www.hirtenberg-apotheke.at\/katalog\/wp-json\/wp\/v2\/product"}],"about":[{"href":"https:\/\/www.hirtenberg-apotheke.at\/katalog\/wp-json\/wp\/v2\/types\/product"}],"wp:featuredmedia":[{"embeddable":true,"href":"https:\/\/www.hirtenberg-apotheke.at\/katalog\/wp-json\/wp\/v2\/media\/40028"}],"wp:attachment":[{"href":"https:\/\/www.hirtenberg-apotheke.at\/katalog\/wp-json\/wp\/v2\/media?parent=40026"}],"wp:term":[{"taxonomy":"product_brand","embeddable":true,"href":"https:\/\/www.hirtenberg-apotheke.at\/katalog\/wp-json\/wp\/v2\/product_brand?post=40026"},{"taxonomy":"product_cat","embeddable":true,"href":"https:\/\/www.hirtenberg-apotheke.at\/katalog\/wp-json\/wp\/v2\/product_cat?post=40026"},{"taxonomy":"product_tag","embeddable":true,"href":"https:\/\/www.hirtenberg-apotheke.at\/katalog\/wp-json\/wp\/v2\/product_tag?post=40026"}],"curies":[{"name":"wp","href":"https:\/\/api.w.org\/{rel}","templated":true}]}}