{"id":40053,"date":"2025-11-26T07:49:36","date_gmt":"2025-11-26T06:49:36","guid":{"rendered":"https:\/\/www.hirtenberg-apotheke.at\/katalog\/produkt\/life-light-calcium-magnesium-kapseln-60-stk\/"},"modified":"2025-11-26T07:49:46","modified_gmt":"2025-11-26T06:49:46","slug":"life-light-calcium-magnesium-kapseln-60-stk","status":"publish","type":"product","link":"https:\/\/www.hirtenberg-apotheke.at\/katalog\/produkt\/life-light-calcium-magnesium-kapseln-60-stk\/","title":{"rendered":"Life Light Calcium Magnesium Kapseln 60 Stk."},"content":{"rendered":"<p>Life Light Calcium Magnesium Kapseln dienen zur Erhaltung der Funktionen von Knochen, Muskeln und Z\u00e4hnen. Die Kapseln tragen zu einem normalen Energiestoffwechsel und haben eine Funktion bei der Zellteilung. Zus\u00e4tzlich leistet das Mittel einen Beitrag zu einer normalen Funktion des Nervensystems und tr\u00e4gt zudem zur Verringerung von M\u00fcdigkeit und Erm\u00fcdung bei.<\/p>\n","protected":false},"excerpt":{"rendered":"<p>Life Light Calcium Magnesium Kapseln dienen zur Erhaltung der Funktionen von Knochen, Muskeln und Z\u00e4hnen. Die Kapseln tragen zu einem normalen Energiestoffwechsel und haben eine Funktion bei der Zellteilung. Zus\u00e4tzlich leistet das Mittel einen Beitrag zu einer normalen Funktion des Nervensystems und tr\u00e4gt zudem zur Verringerung von M\u00fcdigkeit und Erm\u00fcdung bei.<\/p>\n","protected":false},"featured_media":40055,"template":"","meta":{"_acf_changed":false},"product_brand":[],"product_cat":[317],"product_tag":[],"class_list":{"0":"post-40053","1":"product","2":"type-product","3":"status-publish","4":"has-post-thumbnail","6":"product_cat-l","7":"pa_packungsgroesse-60-stueck","9":"first","10":"instock","11":"shipping-taxable","12":"purchasable","13":"product-type-simple"},"acf":[],"_links":{"self":[{"href":"https:\/\/www.hirtenberg-apotheke.at\/katalog\/wp-json\/wp\/v2\/product\/40053","targetHints":{"allow":["GET"]}}],"collection":[{"href":"https:\/\/www.hirtenberg-apotheke.at\/katalog\/wp-json\/wp\/v2\/product"}],"about":[{"href":"https:\/\/www.hirtenberg-apotheke.at\/katalog\/wp-json\/wp\/v2\/types\/product"}],"wp:featuredmedia":[{"embeddable":true,"href":"https:\/\/www.hirtenberg-apotheke.at\/katalog\/wp-json\/wp\/v2\/media\/40055"}],"wp:attachment":[{"href":"https:\/\/www.hirtenberg-apotheke.at\/katalog\/wp-json\/wp\/v2\/media?parent=40053"}],"wp:term":[{"taxonomy":"product_brand","embeddable":true,"href":"https:\/\/www.hirtenberg-apotheke.at\/katalog\/wp-json\/wp\/v2\/product_brand?post=40053"},{"taxonomy":"product_cat","embeddable":true,"href":"https:\/\/www.hirtenberg-apotheke.at\/katalog\/wp-json\/wp\/v2\/product_cat?post=40053"},{"taxonomy":"product_tag","embeddable":true,"href":"https:\/\/www.hirtenberg-apotheke.at\/katalog\/wp-json\/wp\/v2\/product_tag?post=40053"}],"curies":[{"name":"wp","href":"https:\/\/api.w.org\/{rel}","templated":true}]}}