{"id":40060,"date":"2025-11-26T07:49:36","date_gmt":"2025-11-26T06:49:36","guid":{"rendered":"https:\/\/www.hirtenberg-apotheke.at\/katalog\/produkt\/hafesan-zink-vitamin-c-kapseln\/"},"modified":"2025-11-26T07:49:56","modified_gmt":"2025-11-26T06:49:56","slug":"hafesan-zink-vitamin-c-kapseln","status":"publish","type":"product","link":"https:\/\/www.hirtenberg-apotheke.at\/katalog\/produkt\/hafesan-zink-vitamin-c-kapseln\/","title":{"rendered":"Hafesan Zink Vitamin C Kapseln"},"content":{"rendered":"<p>hafesan Zink + Vitamin C Kapseln f\u00fcr sch\u00f6ne N\u00e4gel, Haare und st\u00e4rken Ihre Abwehrkr\u00e4fte &#8211; jetzt alle Produkte von hafesan zu g\u00fcnstigen Preisen online bestellen!<\/p>\n","protected":false},"excerpt":{"rendered":"<p>hafesan Zink + Vitamin C Kapseln f\u00fcr sch\u00f6ne N\u00e4gel, Haare und st\u00e4rken Ihre Abwehrkr\u00e4fte &#8211; jetzt alle Produkte von hafesan zu g\u00fcnstigen Preisen online bestellen!<\/p>\n","protected":false},"featured_media":40062,"template":"","meta":{"_acf_changed":false},"product_brand":[329],"product_cat":[330],"product_tag":[],"class_list":{"0":"post-40060","1":"product","2":"type-product","3":"status-publish","4":"has-post-thumbnail","6":"product_brand-hafesan","7":"product_cat-h","8":"pa_packungsgroesse-60-stueck","10":"first","11":"instock","12":"shipping-taxable","13":"purchasable","14":"product-type-simple"},"acf":[],"_links":{"self":[{"href":"https:\/\/www.hirtenberg-apotheke.at\/katalog\/wp-json\/wp\/v2\/product\/40060","targetHints":{"allow":["GET"]}}],"collection":[{"href":"https:\/\/www.hirtenberg-apotheke.at\/katalog\/wp-json\/wp\/v2\/product"}],"about":[{"href":"https:\/\/www.hirtenberg-apotheke.at\/katalog\/wp-json\/wp\/v2\/types\/product"}],"wp:featuredmedia":[{"embeddable":true,"href":"https:\/\/www.hirtenberg-apotheke.at\/katalog\/wp-json\/wp\/v2\/media\/40062"}],"wp:attachment":[{"href":"https:\/\/www.hirtenberg-apotheke.at\/katalog\/wp-json\/wp\/v2\/media?parent=40060"}],"wp:term":[{"taxonomy":"product_brand","embeddable":true,"href":"https:\/\/www.hirtenberg-apotheke.at\/katalog\/wp-json\/wp\/v2\/product_brand?post=40060"},{"taxonomy":"product_cat","embeddable":true,"href":"https:\/\/www.hirtenberg-apotheke.at\/katalog\/wp-json\/wp\/v2\/product_cat?post=40060"},{"taxonomy":"product_tag","embeddable":true,"href":"https:\/\/www.hirtenberg-apotheke.at\/katalog\/wp-json\/wp\/v2\/product_tag?post=40060"}],"curies":[{"name":"wp","href":"https:\/\/api.w.org\/{rel}","templated":true}]}}